{"id":7,"date":"2025-01-16T19:39:59","date_gmt":"2025-01-16T18:39:59","guid":{"rendered":"https:\/\/royalkids.fr\/bonneuil\/home\/"},"modified":"2025-01-16T19:39:59","modified_gmt":"2025-01-16T18:39:59","slug":"home","status":"publish","type":"page","link":"https:\/\/royalkids.fr\/bonneuil\/","title":{"rendered":"Accueil"},"content":{"rendered":"\n<section class=\"home-slider main-slider\">\n    <div class=\"oe-parks-container\">\n        <div class=\"swiper-container images-sw-container\">\n    <div class=\"swiper-wrapper\">\n            <\/div>\n\n    <!-- Add Pagination \n        <div class=\"swiper-pagination\"><\/div>-->\n\n    <!-- Add Navigation \n        <div class=\"swiper-button-next\"><\/div>\n        <div class=\"swiper-button-prev\"><\/div>-->\n      \n<\/div>\n\n<style>\n\n<\/style>\n\n<script>\ndocument.addEventListener('DOMContentLoaded', function() {\n    var swiper = new Swiper('.swiper-container', {\n\n        slidesPerView: 1,\n        autoplay: {\n        delay: 10000,\n        },\n        keyboard: {\n            enabled: true,\n        },\n        \/\/pagination: {\n        \/\/ el: '.swiper-pagination',\n        \/\/ clickable: true,\n        \/\/},\n\n    });\n});\n<\/script>\n<script>\ndocument.addEventListener('DOMContentLoaded', function() {\nconst slides = document.querySelectorAll('.swiper-slide');\nslides.forEach(slide => {\n    const observer = new IntersectionObserver((entries) => {\n        entries.forEach(entry => {\n            if (entry.isIntersecting) {\n                const background = slide.getAttribute('data-background');\n                slide.style.backgroundImage = `url(${background})`;\n                observer.unobserve(slide);\n            }\n        });\n    });\n\n    observer.observe(slide);\n});\n});\n<\/script>\n<div class=\"swiper-container\">\n    <div class=\"swiper-wrapper\">\n        <div class=\"swiper-slide\" style=\"background-image: url('https:\/\/royalkids.fr\/bonneuil\/wp-content\/plugins\/oe-parks\/\/assets\/images\/h-slider-1.webp');\"\n            data-background=\"https:\/\/royalkids.fr\/bonneuil\/wp-content\/plugins\/oe-parks\/\/assets\/images\/h-slider-1.webp\">\n            <div class=\"slide-content\">\n                <h2>Royal Kids Bonneuil<\/h2>\n                <p>\n                     Votre Parc de  Jeux pour Enfants de 0 \u00e0 12 ans. C\u2019est un lieu id\u00e9al pour f\u00eater ton<br> anniversaire et t\u2019amuser toute l\u2019ann\u00e9e \u00e0 Bonneuil!                <\/p>\n            <\/div>\n        <\/div>\n    <\/div>\n<\/div>                    <div class=\"header-pictos container\">\n    <div class=\"header-pictos-wrap\">\n                <img decoding=\"async\" src=\"https:\/\/royalkids.fr\/bonneuil\/wp-content\/plugins\/oe-parks\/\/assets\/images\/pique_nique_interdit.webp\" alt=\"pique_nique_interdit\" loading=\"lazy\">\n                <img decoding=\"async\" src=\"https:\/\/royalkids.fr\/bonneuil\/wp-content\/plugins\/oe-parks\/\/assets\/images\/chaussettes_obligatores.png\" alt=\"chaussettes_obligatoires\" loading=\"lazy\">\n                <img decoding=\"async\" src=\"https:\/\/royalkids.fr\/bonneuil\/wp-content\/plugins\/oe-parks\/\/assets\/images\/espace_chauffe_et_climatise.png\" alt=\"espace_chauffe_climatise\" loading=\"lazy\">\n                <img decoding=\"async\" src=\"https:\/\/royalkids.fr\/bonneuil\/wp-content\/plugins\/oe-parks\/\/assets\/images\/wifi.webp\" alt=\"wifi_zone\" loading=\"lazy\">\n            <\/div>\n<\/div>      \n            <\/div>\n<\/section>\n<section class=\"social-media\">\n    <div class=\"oe-parks-container oe-parks-violet-container\">\n        <div class=\"content container\">\n            <img decoding=\"async\" class=\"leon-img\" src=\"https:\/\/royalkids.fr\/bonneuil\/wp-content\/plugins\/oe-parks\/\/assets\/images\/leon.png\" alt=\"Royal Kids\" loading=\"lazy\">\n            <h4>\u2018<span class=\"color-yellow\">Royal Kids<\/span>\u2019 Bonneuil<\/h4>\n            <p>rejoignez-nous sur nos r\u00e9seaux sociaux<\/p>\n            <div class=\"social-media-icons\">\n                <div class=\"social-media\"><ul><li><a href=\"https:\/\/dev.royalkids.fr\/bonneuil\/\" target=\"_blank\" class=\"social-link\"><i class=\"fa-brands fa-square-facebook\"><\/i><\/a><\/li><li><a href=\"https:\/\/dev.royalkids.fr\/bonneuil\/\" target=\"_blank\" class=\"social-link\"><i class=\"fa-brands fa-instagram\"><\/i> <img decoding=\"async\" class=\"inst-icon-text\" src=\"https:\/\/royalkids.fr\/bonneuil\/wp-content\/plugins\/oe-parks\/\/assets\/images\/logos--instagram.svg\" alt=\"instagram\"><\/a><\/li><li><a href=\"https:\/\/dev.royalkids.fr\/bonneuil\/\" target=\"_blank\" class=\"social-link\"><i class=\"fa-brands fa-tiktok\"><\/i><\/a><\/li><\/ul><\/div>            <\/div>\n\n        <\/div>\n    <\/div>\n<\/section>\n\n        <section class=\"news-cards\">\n    <div class=\"content\" style=\"\">\n       <div class=\"content-title\">\n            <h2>L\u2019Actu Royal Kids<\/h2>\n            <p>Retrouvez toute l\u2019actualit\u00e9 de votre Royal Kids Bonneuil<\/p>\n        <\/div>\n     <div class=\"wrap\">\n<div class=\"carousel-container swiper mySwiper\" id=\"carousel-container\">\n    <div id=\"carousel\" class=\"carousel swiper-wrapper\">\n                <div id=\"cheque-vacances-ancv-titre-restaurant\" class=\"card swiper-slide\">\n            <div class=\"card-inner\">\n                <div class=\"card-front\">\n   \t\t<!-- Card-front content -->\n                    <div class=\"news-img card-click\" onclick=\"flipCard(this)\">\n                        <img decoding=\"async\" width=\"100%\" src=\"https:\/\/royalkids.fr\/bonneuil\/wp-content\/uploads\/sites\/15\/2026\/04\/chque-vacances-ancv-amp-titre-restaurant-1.jpg\" alt=\"Ch\u00e8que Vacances ANCV &amp; Titre Restaurant\" loading=\"lazy\">\n                         <div class=\"plus-icon\">+<\/div>\n                    <\/div>\n                    <div class=\"news-content\">\n                                                <a style=\"cursor:pointer;\" class=\"card-click\" onclick=\"flipCard(this)\"><h4 class=\"card-title\">Ch\u00e8que Vacances ANCV &amp; Titre Restaurant<\/h4><\/a>\n                        <div class=\"card-description\"><div>\ud83c\udf89 Bonne nouvelle dans votre parc de loisirs Bonneuil \ud83c\udf89<\/div>\r\n<div><\/div>\r\n<div>Nous sommes heureux de vous annoncer que vous pouvez d\u00e9sormais r\u00e9gler :<\/div>\r\n<div><\/div>\r\n<div>\ud83c\udf9f\ufe0f Vos entr\u00e9es et anniversaires avec les ch\u00e8ques-vacances ANCV (pour le moment : format papier uniquement)<\/div>\r\n<div><\/div>\r\n<div>\ud83c\udf54 La restauration sur place avec les tickets restaurant \u00e0 la carte \ud83d\udcb3<\/div>\r\n<div>\ud83d\udc49 Profitez-en pour vous r\u00e9galer avec nos burgers, frites, nuggets, gaufres et autres gourmandises !<\/div>\r\n<div><\/div>\r\n<div><\/div>\r\n<div>\r\n<div>\u26a0\ufe0f \u00c0 noter :<\/div>\r\n<div><\/div>\r\n<div>Les ch\u00e8ques-vacances d\u00e9mat\u00e9rialis\u00e9s ne sont pas encore accept\u00e9s<\/div>\r\n<div>Les tickets restaurant sont utilisables uniquement pour la partie restauration<\/div>\r\n<div><\/div>\r\nVenez passer un moment inoubliable en famille entre jeux, rires et gourmandises \ud83e\uddf8\ud83c\udf88\r\n\r\n<\/div>\r\n<div>\r\n<div><\/div>\r\n<div>\ud83d\udccd On vous attend avec impatience ! \ud83e\udd29\ud83e\udd70<\/div>\r\n<\/div><\/div>\n                        <a class=\"card-button card-click\" onclick=\"flipCard(this)\">en savoir+<\/a>\n                        <a class=\"share share-button button btn v-btn\" onclick=\"shareCard('cheque-vacances-ancv-titre-restaurant','Ch\u00e8que Vacances ANCV &amp; Titre Restaurant', 'https:\/\/royalkids.fr\/bonneuil\/actualites\/cheque-vacances-ancv-titre-restaurant\/')\"><i class=\"fa-solid fa-share-from-square\"><\/i>\n                            Partager<\/a>\n                        <div class=\"result\"><\/div>\n                    <\/div>\n                <\/div><!-- Closing the card-front -->\n                <div class=\"card-back\" style=\"\">\n                     <button class=\"card-button-close card-click\" onclick=\"flipCard(this)\"><img decoding=\"async\" width=\"34\" height=\"34\"\n                                src=\"https:\/\/royalkids.fr\/bonneuil\/wp-content\/plugins\/oe-parks\/\/assets\/images\/close.png\" alt=\"Royal Kids\" loading=\"lazy\"><\/button>\n                    <div class=\"news-img\">\n                        <img decoding=\"async\" src=\"https:\/\/royalkids.fr\/bonneuil\/wp-content\/uploads\/sites\/15\/2026\/04\/chque-vacances-ancv-amp-titre-restaurant-1.jpg\" alt=\"Ch\u00e8que Vacances ANCV &amp; Titre Restaurant\" loading=\"lazy\">\n                    <\/div>\n                    <div class=\"news-content\">\n                                                <h2 class=\"card-title\">Ch\u00e8que Vacances ANCV &amp; Titre Restaurant<\/h2>\n                        <div class=\"card-description-full\"><div>\ud83c\udf89 Bonne nouvelle dans votre parc de loisirs Bonneuil \ud83c\udf89<\/div>\n<div><\/div>\n<div>Nous sommes heureux de vous annoncer que vous pouvez d\u00e9sormais r\u00e9gler :<\/div>\n<div><\/div>\n<div>\ud83c\udf9f\ufe0f Vos entr\u00e9es et anniversaires avec les ch\u00e8ques-vacances ANCV (pour le moment : format papier uniquement)<\/div>\n<div><\/div>\n<div>\ud83c\udf54 La restauration sur place avec les tickets restaurant \u00e0 la carte \ud83d\udcb3<\/div>\n<div>\ud83d\udc49 Profitez-en pour vous r\u00e9galer avec nos burgers, frites, nuggets, gaufres et autres gourmandises !<\/div>\n<div><\/div>\n<div><\/div>\n<div>\n<div>\u26a0\ufe0f \u00c0 noter :<\/div>\n<div><\/div>\n<div>Les ch\u00e8ques-vacances d\u00e9mat\u00e9rialis\u00e9s ne sont pas encore accept\u00e9s<\/div>\n<div>Les tickets restaurant sont utilisables uniquement pour la partie restauration<\/div>\n<div><\/div>\n<p>Venez passer un moment inoubliable en famille entre jeux, rires et gourmandises \ud83e\uddf8\ud83c\udf88<\/p>\n<\/div>\n<div>\n<div><\/div>\n<div>\ud83d\udccd On vous attend avec impatience ! \ud83e\udd29\ud83e\udd70<\/div>\n<\/div>\n<\/div>\n                        <div class=\"news-content-bottom\">\n                            <div class=\"news-btns\">\n                                                                <a class=\"share share-button button btn v-btn\" onclick=\"shareCard('card-105','Ch\u00e8que Vacances ANCV &amp; Titre Restaurant', 'https:\/\/royalkids.fr\/bonneuil\/actualites\/cheque-vacances-ancv-titre-restaurant\/')\"><i class=\"fa-solid fa-share-from-square\"><\/i>\n                                    Partager<\/a>\n                            <\/div>\n  \t\t\t                            <div class=\"social-media-icons\">\n                                <span class=\"s-text\">rejoignez-nous sur nos r\u00e9seaux sociaux<\/span>\n                                <div class=\"social-media\"><ul><li><a href=\"https:\/\/dev.royalkids.fr\/bonneuil\/\" target=\"_blank\" class=\"social-link\"><i class=\"fa-brands fa-square-facebook\"><\/i><\/a><\/li><li><a href=\"https:\/\/dev.royalkids.fr\/bonneuil\/\" target=\"_blank\" class=\"social-link\"><i class=\"fa-brands fa-instagram\"><\/i><\/a><\/li><li><a href=\"https:\/\/dev.royalkids.fr\/bonneuil\/\" target=\"_blank\" class=\"social-link\"><i class=\"fa-brands fa-tiktok\"><\/i><\/a><\/li><\/ul><\/div>                            <\/div>\n  \t\t\t                        <\/div>\n                    <\/div>\n                <\/div>\n            <\/div>\n        <\/div>\n            <\/div>\n    <\/div>\n  <\/div>\n  <\/div>\n   <div id=\"flipped-card-container\" class=\"flipped-card-container popup-overlay\" style=\"display: none;\">\n        <div class=\"share-container popup-content modal-content\" style=\"display: none;\">\n            <button class=\"popup-close close\"><img decoding=\"async\" width=\"34\" height=\"34\"\n                    src=\"https:\/\/royalkids.fr\/bonneuil\/wp-content\/plugins\/oe-parks\/\/assets\/images\/close.png\" alt=\"Royal Kids\" loading=\"lazy\"><\/span><\/button>\n            <!--<div class=\"share-content bgp\">\n            <\/div>-->\n        <\/div>\n    <\/div>\n      <div id=\"share-card-container\" class=\"flipped-card-container popup-overlay\" style=\"display: none;\">\n        <div class=\"share-container popup-content modal-content\" style=\"display: none;\">\n            <button class=\"popup-close close\"><img decoding=\"async\" width=\"34\" height=\"34\"\n                    src=\"https:\/\/royalkids.fr\/bonneuil\/wp-content\/plugins\/oe-parks\/\/assets\/images\/close.png\" alt=\"Royal Kids\" loading=\"lazy\"><\/span><\/button>\n            <div class=\"share-content bgp\">\n            <\/div>\n        <\/div>\n    <\/div>\n    <div id=\"news-frame-modal\" class=\"modal\">\n        <div class=\"modal-content\">\n        <button class=\"popup-close close\"><img decoding=\"async\" width=\"34\" height=\"34\"\n        src=\"https:\/\/royalkids.fr\/bonneuil\/wp-content\/plugins\/oe-parks\/\/assets\/images\/close.png\" alt=\"Royal Kids\" loading=\"lazy\"><\/span><\/button>\n            <div class=\"modal-body\">\n                <div class=\"embed-preview-container row\" style=\"display: flex; margin-top: 20px;\">\n                    <div style=\"\" id=\"iframe-preview\" class=\"col-md-6\">\n                    <\/div>\n                    <div style=\"\" class=\"col-md-6\">\n                        <h4 class=\"mb-4\">Int\u00e9grer l\u2019actualit\u00e9<\/h4>\n                        <textarea readonly style=\"width: 100%;\" id=\"iframe-code\">\n                        <\/textarea>\n                        <div id=\"copy-frame-message-container\"><\/div>\n                        <button class=\"btn mb-4\" id=\"copy-frame-button\">Copier<\/button>\n                    <\/div>\n                <\/div>\n            <\/div>\n        <\/div>\n    <\/div>\n  <\/section>\n  \n        \n  \n\n\n<section class=\"schedule-main oe-parks-violet-container\">\n    <div class=\"container\">\n        <h4>Nos \u2018<span class=\"color-yellow\">Horaires<\/span>\u2019 d\u2019ouverture<\/h4>\n        <div class=\"content row justify-content-evenly\">\n            <div class=\"col-lg-4 schedule-main-btns position-relative\">\n                <div class=\"btns-wrap\">\n                    <a class=\"btn yellow-btn\" href=\"https:\/\/royalkids.fr\/bonneuil\/tarifs\"><img decoding=\"async\" height=\"16\"\n                            src=\"https:\/\/royalkids.fr\/bonneuil\/wp-content\/plugins\/oe-parks\/\/assets\/images\/tarifs-icon.svg\" alt=\"Tarifs\"\n                            class=\"menu-icon-tarifs\" loading=\"lazy\"> Consulter tous nos tarifs et les bons plans<\/a>\n                                    <\/div>\n            <\/div>\n            <div class=\"col-lg-4 text-center\">\n                <div class=\"schedule-field lundi\"><span>Lundi<\/span>\u2018<span class=\"color-yellow\">10h \u00e0 19h<\/span>\u2019<\/div><div class=\"schedule-field mardi\"><span>Mardi<\/span>\u2018<span class=\"color-yellow\">10h \u00e0 19h<\/span>\u2019<\/div><div class=\"schedule-field mercredi\"><span>Mercredi<\/span>\u2018<span class=\"color-yellow\">10h \u00e0 19h<\/span>\u2019<\/div><div class=\"schedule-field jeudi\"><span>Jeudi<\/span>\u2018<span class=\"color-yellow\">10h \u00e0 19h<\/span>\u2019<\/div><div class=\"schedule-field vendredi\"><span>Vendredi<\/span>\u2018<span class=\"color-yellow\">10h \u00e0 19h<\/span>\u2019<\/div><div class=\"schedule-field samedi\"><span>Samedi<\/span>\u2018<span class=\"color-yellow\">10h \u00e0 21h<\/span>\u2019<\/div><div class=\"schedule-field dimanche\"><span>Dimanche<\/span>\u2018<span class=\"color-yellow\">10h \u00e0 19h<\/span>\u2019<\/div><div class=\"schedule-field vacances\"><span><b>Vacances scolaires<\/b> et <br><b>jours f\u00e9ri\u00e9s<\/b><\/span>\u2018<span class=\"color-yellow\">10h \u00e0 19h<\/span>\u2019<\/div>            <\/div>\n            <div class=\"col-lg-4 schedule-main-img position-relative\">\n                <img decoding=\"async\" src=\"https:\/\/royalkids.fr\/bonneuil\/wp-content\/plugins\/oe-parks\/\/assets\/images\/leon-time.webp\" alt=\"Royal Kids\" loading=\"lazy\">\n            <\/div>\n        <\/div>\n    <\/div>\n    <\/div>\n<\/section>\n<section class=\"activities b-bg py-4\">\n    <div class=\"container\">\n\n     <div class=\"content-title\">\n            <h2>\n                <strong>Royal Kids - <\/strong><strong>LE parc de jeux (indoor) pour enfants de 0 &agrave; 12 ans<\/strong>            <\/h2>\n            Royal kids est une plaine de jeux indoor totalement s&eacute;curis&eacute;e, chauff&eacute;e l&rsquo;hiver et climatis&eacute;e l&rsquo;&eacute;t&eacute;, o&ugrave; les enfants &eacute;voluent dans des jeux g&eacute;ants et adapt&eacute;s &agrave; leur &acirc;ge sous la surveillance de leurs parents. Pour s'amuser, se d&eacute;penser et f&ecirc;ter son anniversaire : Royal Kids est un lieu unique !! &nbsp; &nbsp; &nbsp; &nbsp; &nbsp; &nbsp;N'oubliez pas vos chaussettes&nbsp;!&nbsp;Obligatoires pour les petits ET pour les gra        <\/div>\n  \n        <div class=\"content row gap-3 row-activities\">\n            <div class=\"col container-activities act-1\" >\n                <h4 class=\"header-step header-step-1\">\n                    <span>POUR LES<\/span>\n                    <span>+PETITS<\/span>\n                    <span>(- de 4 ans)<\/span>                <\/h4>\n                Un parcours d\u2019\u00e9veil et de motricit\u00e9.\r\n\r\nLes parents sont les bienvenus (dans l'aire de jeux) pour les aider \u00e0 \u00e9voluer dans ce super espace con\u00e7u sp\u00e9cialement pour les tout petits.                <ul>\r\n \t<li>piscine \u00e0 balles<\/li>\r\n \t<li>toboggan<\/li>\r\n \t<li>trampoline<\/li>\r\n \t<li>Arigo Moto \u00e0 disposition<\/li>\r\n \t<li>construction de lego<\/li>\r\n \t<li>busy board<\/li>\r\n<\/ul>                                <a href=\"#\" data-activity-id=\"19\" class=\"btn button btn-activities btn-activities-1\"><span>D\u00e9couvrir<\/span> <i\n                        class=\"fa-solid fa-angle-right\"><\/i><\/a>\n                     \n            <\/div>            <div class=\"col container-activities act-2\" >\n                <h4 class=\"header-step header-step-2\">\n                    <span>POUR LES<\/span>\n                    <span>+GRANDS<\/span>\n                    <span>(de 4 \u00e0 12 ans)<\/span>                <\/h4>\n                Partir \u00e0 l'aventure d'une super structure de jeux et pouvoir se faire un max de copains !                <ul>\r\n \t<li>Piste de luges<\/li>\r\n \t<li>Toboggans<\/li>\r\n \t<li>Trampolines<\/li>\r\n \t<li>Piste de motos<\/li>\r\n \t<li>Piscine \u00e0 balles<\/li>\r\n \t<li>Lego g\u00e9ants<\/li>\r\n \t<li>Labyrinthe<\/li>\r\n \t<li>Terrains multisports<\/li>\r\n \t<li>Mini-discoth\u00e8que<\/li>\r\n \t<li>Jeux interactifs sur \u00e9cran g\u00e9ant<\/li>\r\n \t<li>Tyrolienne<\/li>\r\n \t<li>Tourniquet<\/li>\r\n \t<li>Parcours d'accrobranche<\/li>\r\n \t<li>Marelle<\/li>\r\n<\/ul>                                <a href=\"#\" data-activity-id=\"20\" class=\"btn button btn-activities btn-activities-2\"><span>D\u00e9couvrir<\/span> <i\n                        class=\"fa-solid fa-angle-right\"><\/i><\/a>\n                     \n            <\/div>            <div class=\"col container-activities act-3\" >\n                <h4 class=\"header-step header-step-3\">\n                    <span>POUR LES<\/span>\n                    <span>LES PARENTS<\/span>\n                                    <\/h4>\n                Un espace de d&eacute;tente devant les aires de jeux                + Place assise pour chaque adulte + WIFI Pause sucr&eacute;e ou Sal&eacute;e : Retrouvez un espace de restauration convivial. Pour la d&eacute;tente rapide : boissons chaudes, fra&icirc;ches.. Pour les plus gourmands : cr&ecirc;pes, gaufres, frites, burgers (formules repas..)                                <a href=\"#\" data-activity-id=\"21\" class=\"btn button btn-activities btn-activities-3\"><span>D\u00e9couvrir<\/span> <i\n                        class=\"fa-solid fa-angle-right\"><\/i><\/a>\n                     \n            <\/div>\n        <\/div>\n    <\/div>\n    <\/div>\n       <div id=\"activity-popup\" class=\"popup-overlay\">\n        <div class=\"popup-content modal-content\">\n            <button class=\"popup-close close popup-activity-close\"><img decoding=\"async\" width=\"34\" height=\"34\"\n                    src=\"https:\/\/royalkids.fr\/bonneuil\/wp-content\/plugins\/oe-parks\/\/assets\/images\/close.png\" alt=\"Royal Kids\" loading=\"lazy\"><\/span><\/button>\n            <div id=\"popup-activity-content\">\n            <\/div>\n        <\/div>\n    <\/div>\n<\/section>\n<section class=\"birthday-section b-bg\">\n    <div class=\"\">\n        <div class=\"content-title oe-parks-green-container d-flex align-items-center\">\n            <div class=\"container\">\n                <div class=\"\">\n                    <h3 class=\"t-underline\">f\u00eate ton anniversaire au Royal Kids <span class=\"color-yellow\">Bonneuil<\/span><\/h3>\n                    <h5 class=\"\">un anniversaire chez L\u00e9on c\u2019est trop bien !!<\/h5>\n                <\/div>\n            <\/div>\n        <\/div>\n        <div class=\"content container position-relative\">\n            <div class=\"d-flex gap-2\">\n                <div class=\"col-lg-3\">\n                <\/div>\n                <div class=\"col-lg-6\">\n                    <div class=\"col-lg-10 position-relative\">\n                    <p class=\"pt-4 birth-text\">\n                    Afin de faire de cet \u00e9v\u00e9nement un moment inoubliable pour votre enfant, entour\u00e9 de ses amis, offrez-lui un anniversaire Royal, pensez \u00e0 r\u00e9server son anniversaire chez Royal kids !!!\n                    L\u2019anniversaire \u00e0 Royal Kids c\u2019est un moment de f\u00eate incroyable pour les enfants et la garantie de l\u2019organisation d\u2019un \u00e9v\u00e9nement de qualit\u00e9 pour les parents.\n                    <\/p> \n                    <a href=\"https:\/\/royalkids.fr\/bonneuil\/anniversaires\" class=\"btn yellow-btn-w birthday-btn\"><span>D\u00e9couvrez nos formules anniversaires<\/span> <i\n                    class=\"fa-solid fa-angle-right\"><\/i><\/a>\n                    <\/div>\n                    \n                    <img decoding=\"async\" class=\"position-absolute birth-img-left\"\n                        src=\"https:\/\/royalkids.fr\/bonneuil\/wp-content\/plugins\/oe-parks\/\/assets\/images\/birthday-leon.webp\" alt=\"Royal Kids\" loading=\"lazy\">\n                <\/div>\n                <a href=\"https:\/\/kdotime.com\/\" target=\"_blank\">\n                    <img decoding=\"async\" class=\"position-absolute birth-img-right\" src=\"https:\/\/royalkids.fr\/bonneuil\/wp-content\/plugins\/oe-parks\/\/assets\/images\/birthday-cake.webp\" alt=\"Royal Kids\" loading=\"lazy\">\n                    <\/a>\n            <\/div>\n        <\/div>\n        <div class=\"oe-parks-green-container\" style=\"height: 70px;\">\n            <div class=\"container\">\n                <div class=\"\">\n                    <p><\/p>\n                <\/div>\n            <\/div>\n        <\/div>\n    <\/div>\n<\/section>\n\n","protected":false},"excerpt":{"rendered":"","protected":false},"author":1,"featured_media":0,"parent":0,"menu_order":0,"comment_status":"closed","ping_status":"closed","template":"","meta":{"footnotes":""},"_links":{"self":[{"href":"https:\/\/royalkids.fr\/bonneuil\/wp-json\/wp\/v2\/pages\/7"}],"collection":[{"href":"https:\/\/royalkids.fr\/bonneuil\/wp-json\/wp\/v2\/pages"}],"about":[{"href":"https:\/\/royalkids.fr\/bonneuil\/wp-json\/wp\/v2\/types\/page"}],"author":[{"embeddable":true,"href":"https:\/\/royalkids.fr\/bonneuil\/wp-json\/wp\/v2\/users\/1"}],"replies":[{"embeddable":true,"href":"https:\/\/royalkids.fr\/bonneuil\/wp-json\/wp\/v2\/comments?post=7"}],"version-history":[{"count":0,"href":"https:\/\/royalkids.fr\/bonneuil\/wp-json\/wp\/v2\/pages\/7\/revisions"}],"wp:attachment":[{"href":"https:\/\/royalkids.fr\/bonneuil\/wp-json\/wp\/v2\/media?parent=7"}],"curies":[{"name":"wp","href":"https:\/\/api.w.org\/{rel}","templated":true}]}}