{"id":7,"date":"2025-01-16T19:53:35","date_gmt":"2025-01-16T18:53:35","guid":{"rendered":"https:\/\/royalkids.fr\/istres\/home\/"},"modified":"2025-01-16T19:53:35","modified_gmt":"2025-01-16T18:53:35","slug":"home","status":"publish","type":"page","link":"https:\/\/royalkids.fr\/istres\/","title":{"rendered":"Accueil"},"content":{"rendered":"\n<section class=\"home-slider main-slider\">\n    <div class=\"oe-parks-container\">\n        <div class=\"swiper-container images-sw-container\">\n    <div class=\"swiper-wrapper\">\n                <div class=\"swiper-slide\" style=\"background-image: url('https:\/\/royalkids.fr\/istres\/wp-content\/uploads\/sites\/22\/2025\/01\/slide-3-150x150.jpg');\" data-background=\"https:\/\/royalkids.fr\/istres\/wp-content\/uploads\/sites\/22\/2025\/01\/slide-3.jpg\">\n            <div class=\"slide-content\">\n                            <\/div>\n        <\/div>\n            <\/div>\n\n    <!-- Add Pagination \n        <div class=\"swiper-pagination\"><\/div>-->\n\n    <!-- Add Navigation \n        <div class=\"swiper-button-next\"><\/div>\n        <div class=\"swiper-button-prev\"><\/div>-->\n      \n<\/div>\n\n<style>\n\n<\/style>\n\n<script>\ndocument.addEventListener('DOMContentLoaded', function() {\n    var swiper = new Swiper('.swiper-container', {\n\n        slidesPerView: 1,\n        autoplay: {\n        delay: 10000,\n        },\n        keyboard: {\n            enabled: true,\n        },\n        \/\/pagination: {\n        \/\/ el: '.swiper-pagination',\n        \/\/ clickable: true,\n        \/\/},\n\n    });\n});\n<\/script>\n<script>\ndocument.addEventListener('DOMContentLoaded', function() {\nconst slides = document.querySelectorAll('.swiper-slide');\nslides.forEach(slide => {\n    const observer = new IntersectionObserver((entries) => {\n        entries.forEach(entry => {\n            if (entry.isIntersecting) {\n                const background = slide.getAttribute('data-background');\n                slide.style.backgroundImage = `url(${background})`;\n                observer.unobserve(slide);\n            }\n        });\n    });\n\n    observer.observe(slide);\n});\n});\n<\/script>\n                    <div class=\"header-pictos container\">\n    <div class=\"header-pictos-wrap\">\n                <img decoding=\"async\" src=\"https:\/\/royalkids.fr\/istres\/wp-content\/plugins\/oe-parks\/\/assets\/images\/pique_nique_interdit.webp\" alt=\"pique_nique_interdit\" loading=\"lazy\">\n                <img decoding=\"async\" src=\"https:\/\/royalkids.fr\/istres\/wp-content\/plugins\/oe-parks\/\/assets\/images\/chaussettes_obligatores.png\" alt=\"chaussettes_obligatoires\" loading=\"lazy\">\n                <img decoding=\"async\" src=\"https:\/\/royalkids.fr\/istres\/wp-content\/plugins\/oe-parks\/\/assets\/images\/espace_chauffe_et_climatise.png\" alt=\"espace_chauffe_climatise\" loading=\"lazy\">\n                <img decoding=\"async\" src=\"https:\/\/royalkids.fr\/istres\/wp-content\/plugins\/oe-parks\/\/assets\/images\/wifi.webp\" alt=\"wifi_zone\" loading=\"lazy\">\n            <\/div>\n<\/div>      \n            <\/div>\n<\/section>\n<section class=\"social-media\">\n    <div class=\"oe-parks-container oe-parks-violet-container\">\n        <div class=\"content container\">\n            <img decoding=\"async\" class=\"leon-img\" src=\"https:\/\/royalkids.fr\/istres\/wp-content\/plugins\/oe-parks\/\/assets\/images\/leon.png\" alt=\"Royal Kids\" loading=\"lazy\">\n            <h4>\u2018<span class=\"color-yellow\">Royal Kids<\/span>\u2019 Istres<\/h4>\n            <p>rejoignez-nous sur nos r\u00e9seaux sociaux<\/p>\n            <div class=\"social-media-icons\">\n                <div class=\"social-media\"><ul><li><a href=\"https:\/\/dev.royalkids.fr\/istres\/\" target=\"_blank\" class=\"social-link\"><i class=\"fa-brands fa-square-facebook\"><\/i><\/a><\/li><li><a href=\"https:\/\/dev.royalkids.fr\/istres\/\" target=\"_blank\" class=\"social-link\"><i class=\"fa-brands fa-instagram\"><\/i> <img decoding=\"async\" class=\"inst-icon-text\" src=\"https:\/\/royalkids.fr\/istres\/wp-content\/plugins\/oe-parks\/\/assets\/images\/logos--instagram.svg\" alt=\"instagram\"><\/a><\/li><li><a href=\"https:\/\/dev.royalkids.fr\/istres\/\" target=\"_blank\" class=\"social-link\"><i class=\"fa-brands fa-tiktok\"><\/i><\/a><\/li><\/ul><\/div>            <\/div>\n\n        <\/div>\n    <\/div>\n<\/section>\n\n    \n        \n  \n\n\n<section class=\"schedule-main oe-parks-violet-container\">\n    <div class=\"container\">\n        <h4>Nos \u2018<span class=\"color-yellow\">Horaires<\/span>\u2019 d\u2019ouverture<\/h4>\n        <div class=\"content row justify-content-evenly\">\n            <div class=\"col-lg-4 schedule-main-btns position-relative\">\n                <div class=\"btns-wrap\">\n                    <a class=\"btn yellow-btn\" href=\"https:\/\/royalkids.fr\/istres\/tarifs\"><img decoding=\"async\" height=\"16\"\n                            src=\"https:\/\/royalkids.fr\/istres\/wp-content\/plugins\/oe-parks\/\/assets\/images\/tarifs-icon.svg\" alt=\"Tarifs\"\n                            class=\"menu-icon-tarifs\" loading=\"lazy\"> Consulter tous nos tarifs et les bons plans<\/a>\n                                    <\/div>\n            <\/div>\n            <div class=\"col-lg-4 text-center\">\n                <div class=\"schedule-field lundi\"><span>Lundi<\/span>\u2018<span class=\"color-yellow\">10h \u00e0 18h<\/span>\u2019<\/div><div class=\"schedule-field mardi\"><span>Mardi<\/span>\u2018<span class=\"color-yellow\">10h \u00e0 18h<\/span>\u2019<\/div><div class=\"schedule-field mercredi\"><span>Mercredi<\/span>\u2018<span class=\"color-yellow\">10h \u00e0 18h<\/span>\u2019<\/div><div class=\"schedule-field jeudi\"><span>Jeudi<\/span>\u2018<span class=\"color-yellow\">10h \u00e0 18h<\/span>\u2019<\/div><div class=\"schedule-field vendredi\"><span>Vendredi<\/span>\u2018<span class=\"color-yellow\">10h \u00e0 18h<\/span>\u2019<\/div><div class=\"schedule-field samedi\"><span>Samedi<\/span>\u2018<span class=\"color-yellow\">10h \u00e0 18h<\/span>\u2019<\/div><div class=\"schedule-field dimanche\"><span>Dimanche<\/span>\u2018<span class=\"color-yellow\">10h \u00e0 18h<\/span>\u2019<\/div><div class=\"schedule-field vacances\"><span><b>Vacances scolaires<\/b> et <br><b>jours f\u00e9ri\u00e9s<\/b><\/span>\u2018<span class=\"color-yellow\">10h \u00e0 18h<\/span>\u2019<\/div>            <\/div>\n            <div class=\"col-lg-4 schedule-main-img position-relative\">\n                <img decoding=\"async\" src=\"https:\/\/royalkids.fr\/istres\/wp-content\/plugins\/oe-parks\/\/assets\/images\/leon-time.webp\" alt=\"Royal Kids\" loading=\"lazy\">\n            <\/div>\n        <\/div>\n    <\/div>\n    <\/div>\n<\/section>\n<section class=\"activities b-bg py-4\">\n    <div class=\"container\">\n\n     <div class=\"content-title\">\n            <h2>\n                <p><strong>Royal Kids<\/strong>&rsquo;LE&rsquo;<strong>parc de jeux pour enfan<\/strong> t indoor<\/p>            <\/h2>\n            <p>Royal kids est une plaine de jeux indoor totalement s&eacute;curis&eacute;e, chauff&eacute;e l&rsquo;hiver et climatis&eacute;e l&rsquo;&eacute;t&eacute;, o&ugrave; les enfants &eacute;voluent dans des jeux g&eacute;ants et adapt&eacute;s &agrave; leur &acirc;ge sous la surveillance de leurs parents. Pour s&rsquo;amuser, se d&eacute;penser, f&ecirc;ter son anniversaire, votre parc de jeux Royal kids est un lieu unique !!!<\/p>        <\/div>\n  \n        <div class=\"content row gap-3 row-activities\">\n            <div class=\"col container-activities act-1\" >\n                <h4 class=\"header-step header-step-1\">\n                    <span>POUR LES<\/span>\n                    <span>+PETITS<\/span>\n                    <span>(- de 4 ans)<\/span>                <\/h4>\n                <p>Un parcours d&rsquo;&eacute;veil et de motricit&eacute;.<\/p>                <ul>\r\n<li>piscine &agrave; balles<\/li>\r\n<li>toboggan<\/li>\r\n<li>trampoline<\/li>\r\n<\/ul>                                <a href=\"#\" data-activity-id=\"19\" class=\"btn button btn-activities btn-activities-1\"><span>D\u00e9couvrir<\/span> <i\n                        class=\"fa-solid fa-angle-right\"><\/i><\/a>\n                     \n            <\/div>            <div class=\"col container-activities act-2\" >\n                <h4 class=\"header-step header-step-2\">\n                    <span>POUR LES<\/span>\n                    <span>+GRANDS<\/span>\n                    <span>(de 4 \u00e0 12 ans)<\/span>                <\/h4>\n                                <ul>\r\n<li>Piste de luges<\/li>\r\n<li>Toboggans<\/li>\r\n<li>Piste de motos<\/li>\r\n<li>Piscine &agrave; balles<\/li>\r\n<li>Lego g&eacute;ants<\/li>\r\n<li>Terrains multisports<\/li>\r\n<li>Mini-discoth&egrave;que<\/li>\r\n<li>Tyrolienne<\/li>\r\n<li>Tourniquet<\/li>\r\n<\/ul>                                <a href=\"#\" data-activity-id=\"20\" class=\"btn button btn-activities btn-activities-2\"><span>D\u00e9couvrir<\/span> <i\n                        class=\"fa-solid fa-angle-right\"><\/i><\/a>\n                     \n            <\/div>            <div class=\"col container-activities act-3\" >\n                <h4 class=\"header-step header-step-3\">\n                    <span>POUR LES<\/span>\n                    <span>LES PARENTS<\/span>\n                                    <\/h4>\n                Pause sucr&eacute;e et sal&eacute;e pour toute la famille &agrave; des prix attractifs. Wifi GRATUITS.                                                <a href=\"#\" data-activity-id=\"21\" class=\"btn button btn-activities btn-activities-3\"><span>D\u00e9couvrir<\/span> <i\n                        class=\"fa-solid fa-angle-right\"><\/i><\/a>\n                     \n            <\/div>\n        <\/div>\n    <\/div>\n    <\/div>\n       <div id=\"activity-popup\" class=\"popup-overlay\">\n        <div class=\"popup-content modal-content\">\n            <button class=\"popup-close close popup-activity-close\"><img decoding=\"async\" width=\"34\" height=\"34\"\n                    src=\"https:\/\/royalkids.fr\/istres\/wp-content\/plugins\/oe-parks\/\/assets\/images\/close.png\" alt=\"Royal Kids\" loading=\"lazy\"><\/span><\/button>\n            <div id=\"popup-activity-content\">\n            <\/div>\n        <\/div>\n    <\/div>\n<\/section>\n<section class=\"birthday-section b-bg\">\n    <div class=\"\">\n        <div class=\"content-title oe-parks-green-container d-flex align-items-center\">\n            <div class=\"container\">\n                <div class=\"\">\n                    <h3 class=\"t-underline\">f\u00eate ton anniversaire au Royal Kids <span class=\"color-yellow\">Istres<\/span><\/h3>\n                    <h5 class=\"\">un anniversaire chez L\u00e9on c\u2019est trop bien !!<\/h5>\n                <\/div>\n            <\/div>\n        <\/div>\n        <div class=\"content container position-relative\">\n            <div class=\"d-flex gap-2\">\n                <div class=\"col-lg-3\">\n                <\/div>\n                <div class=\"col-lg-6\">\n                    <div class=\"col-lg-10 position-relative\">\n                    <p class=\"pt-4 birth-text\">\n                    Afin de faire de cet \u00e9v\u00e9nement un moment inoubliable pour votre enfant, entour\u00e9 de ses amis, offrez-lui un anniversaire Royal, pensez \u00e0 r\u00e9server son anniversaire chez Royal kids !!!\n                    L\u2019anniversaire \u00e0 Royal Kids c\u2019est un moment de f\u00eate incroyable pour les enfants et la garantie de l\u2019organisation d\u2019un \u00e9v\u00e9nement de qualit\u00e9 pour les parents.\n                    <\/p> \n                    <a href=\"https:\/\/royalkids.fr\/istres\/anniversaires\" class=\"btn yellow-btn-w birthday-btn\"><span>D\u00e9couvrez nos formules anniversaires<\/span> <i\n                    class=\"fa-solid fa-angle-right\"><\/i><\/a>\n                    <\/div>\n                    \n                    <img decoding=\"async\" class=\"position-absolute birth-img-left\"\n                        src=\"https:\/\/royalkids.fr\/istres\/wp-content\/plugins\/oe-parks\/\/assets\/images\/birthday-leon.webp\" alt=\"Royal Kids\" loading=\"lazy\">\n                <\/div>\n                <a href=\"https:\/\/kdotime.com\/\" target=\"_blank\">\n                    <img decoding=\"async\" class=\"position-absolute birth-img-right\" src=\"https:\/\/royalkids.fr\/istres\/wp-content\/plugins\/oe-parks\/\/assets\/images\/birthday-cake.webp\" alt=\"Royal Kids\" loading=\"lazy\">\n                    <\/a>\n            <\/div>\n        <\/div>\n        <div class=\"oe-parks-green-container\" style=\"height: 70px;\">\n            <div class=\"container\">\n                <div class=\"\">\n                    <p><\/p>\n                <\/div>\n            <\/div>\n        <\/div>\n    <\/div>\n<\/section>\n\n","protected":false},"excerpt":{"rendered":"","protected":false},"author":1,"featured_media":0,"parent":0,"menu_order":0,"comment_status":"closed","ping_status":"closed","template":"","meta":{"footnotes":""},"_links":{"self":[{"href":"https:\/\/royalkids.fr\/istres\/wp-json\/wp\/v2\/pages\/7"}],"collection":[{"href":"https:\/\/royalkids.fr\/istres\/wp-json\/wp\/v2\/pages"}],"about":[{"href":"https:\/\/royalkids.fr\/istres\/wp-json\/wp\/v2\/types\/page"}],"author":[{"embeddable":true,"href":"https:\/\/royalkids.fr\/istres\/wp-json\/wp\/v2\/users\/1"}],"replies":[{"embeddable":true,"href":"https:\/\/royalkids.fr\/istres\/wp-json\/wp\/v2\/comments?post=7"}],"version-history":[{"count":0,"href":"https:\/\/royalkids.fr\/istres\/wp-json\/wp\/v2\/pages\/7\/revisions"}],"wp:attachment":[{"href":"https:\/\/royalkids.fr\/istres\/wp-json\/wp\/v2\/media?parent=7"}],"curies":[{"name":"wp","href":"https:\/\/api.w.org\/{rel}","templated":true}]}}