{"id":6,"date":"2026-01-26T08:05:58","date_gmt":"2026-01-26T07:05:58","guid":{"rendered":"https:\/\/royalkids.fr\/plandecampagne\/reglement-interieur\/"},"modified":"2026-01-26T08:05:58","modified_gmt":"2026-01-26T07:05:58","slug":"reglement-interieur","status":"publish","type":"page","link":"https:\/\/royalkids.fr\/plandecampagne\/reglement-interieur\/","title":{"rendered":"R\u00e9glement int\u00e9rieur"},"content":{"rendered":"<div id=\"main\" class=\"wrapper\">\n<div class=\"R layout-content\">\n<div class=\"region region-content\">\n<div id=\"block-mainpagecontent\" class=\"block block-system block-system-main-block\">\n<article class=\"node-type-page\">\n<div class=\"page-content\">\n<p style=\"text-align: center;\">Ce r\u00e8glement a \u00e9t\u00e9 con\u00e7u, avant tout, afin d&rsquo;assurer la s\u00e9curit\u00e9 de vos enfants dans un environnement sain. La Direction de\u00a0<strong>Royal Kids<\/strong>\u00a0se r\u00e9serve le droit d\u2019exclure toute\u00a0personne\u00a0ne le respectant pas.<\/p>\n<p>&nbsp;<\/p>\n<p style=\"text-align: center;\">Conditions d\u2019acc\u00e8s<\/p>\n<p style=\"text-align: center;\">Toute personne d\u00e9sirant entrer dans le parc Royal Kids doit s\u2019acquitter de son droit d\u2019entr\u00e9e. \u00a0Celui-ci lui permet d\u2019acc\u00e9der \u00e0 l\u2019ensemble des structures de jeux le jour de sa visite \u00e0 l&rsquo;exception des structures pour lesquelles un prix compl\u00e9mentaire est exig\u00e9. Toute sortie est d\u00e9finitive.<br \/>\nSeuls les enfants accompagn\u00e9s d\u2019un adulte pourront \u00eatre admis dans le parc. Tout enfant \u00a0pr\u00e9sent \u00a0dans \u00a0le parc doit \u00eatre sous la responsabilit\u00e9 et la surveillance d&rsquo;un adulte (plus de 18 ans). \u00a0De m\u00eame, aucun adulte non accompagn\u00e9 d\u2019enfant de 0 \u00e0 12 ans ne sera autoris\u00e9 \u00e0 p\u00e9n\u00e9trer dans le parc.<br \/>\nPour des raisons d&rsquo;hygi\u00e8ne, l&rsquo;acc\u00e8s aux jeux ne peut se faire qu&rsquo;en chaussettes. Des chaussettes sont en vente \u00e0 l&rsquo;accueil.<br \/>\nBoissons et aliments d&rsquo;origine ext\u00e9rieure interdits : Dans \u00a0l&rsquo;enceinte du parc, \u00a0un espace snack \u00a0est mis \u00e0 \u00a0votre \u00a0disposition. Seuls les aliments pour b\u00e9b\u00e9s peuvent provenir de l&rsquo;ext\u00e9rieur.<br \/>\nInterdiction de fumer ou de vapoter, animaux interdits.Cigarette \u00e9lectronique interdite.<\/p>\n<p>&nbsp;<\/p>\n<p style=\"text-align: center;\">Hygi\u00e8ne et S\u00e9curit\u00e9<\/p>\n<p style=\"text-align: center;\">Les parents peuvent accompagner les tout petits au sein du baby-parc \u00e0 la condition de retirer leurs chaussures et de porter des chaussettes.<br \/>\nToute boisson ou nourriture est formellement interdite \u00e0 l\u2019int\u00e9rieur des structures de jeux. Tout\u00a0objet\u00a0pouvant pr\u00e9senter un \u00a0risque de \u00a0blessure (lunette, bijou, ceinture, \u00e9charpe\u00a0et foulard, \u00a0pince\u00a0\u00e0 cheveux, ainsi que tout\u00a0v\u00eatement\u00a0comportant des sangles, lacet, cordon\u00a0ou capuche, couteau\u00a0et cutter) \u00a0est \u00a0interdit\u00a0\u00e0 l\u2019int\u00e9rieur des structures de jeux.<br \/>\nLes usagers s&rsquo;engagent \u00e0 d\u00e9gager les \u00e9quipements et zones de s\u00e9curit\u00e9 qui les entourent de tout obstacle ne faisant pas partie int\u00e9grante du jeu, et notamment des objets leur appartenant et qu&rsquo;ils ont apport\u00e9\u00a0au sein de l&rsquo;\u00e9tablissement.<\/p>\n<p>&nbsp;<\/p>\n<p style=\"text-align: center;\">Responsabilit\u00e9s<\/p>\n<p style=\"text-align: center;\">Royal Kids d\u00e9cline toute responsabilit\u00e9, en cas de dommage ou accident, en l\u2019absence d\u2019une surveillance appropri\u00e9e et d&rsquo;une utilisation des structures de jeux dans des conditions normales ou raisonnablement pr\u00e9visibles.<br \/>\nRoyal Kids \u00a0d\u00e9cline \u00a0toute responsabilit\u00e9 \u00a0en \u00a0cas \u00a0de vol, \u00a0de perte ou \u00a0de \u00a0d\u00e9t\u00e9rioration \u00a0des objets \u00a0laiss\u00e9s \u00a0dans \u00a0l\u2019ensemble de l\u2019\u00e9tablissement.<\/p>\n<p>&nbsp;<\/p>\n<p style=\"text-align: center;\">R\u00e8gles de s\u00e9curit\u00e9 et d&rsquo;utilisation des structures<\/p>\n<p style=\"text-align: center;\">Les \u00a0enfants \u00a0pr\u00e9sents \u00a0au \u00a0sein \u00a0du \u00a0parc \u00a0Royal Kids \u00a0sont \u00a0sous \u00a0l\u2019enti\u00e8re \u00a0 responsabilit\u00e9 \u00a0et \u00a0surveillance \u00a0des adultes accompagnateurs.<br \/>\nL\u2019adulte accompagnateur est charg\u00e9 d\u2019informer l\u2019enfant des diverses consignes de s\u00e9curit\u00e9 et de les lui faire respecter.<br \/>\nLes structures de jeux sont exclusivement r\u00e9serv\u00e9es aux enfants de 0 \u00e0 12 ans. L\u2019\u00e2ge, la capacit\u00e9 et les avertissements indiqu\u00e9s sur chaque structure de jeux doivent \u00eatre respect\u00e9s.<br \/>\nDes espaces de jeux sp\u00e9cifiques sont r\u00e9serv\u00e9s aux plus jeunes de 0 \u00e0 3 ans et aux enfants de 3 \u00e0 12 ans.<br \/>\nDans le cas o\u00f9 un enfant se trouverait en \u00a0difficult\u00e9 \u00a0\u00e0 l\u2019int\u00e9rieur d\u2019une structure, \u00a0l\u2019accompagnateur \u00a0responsable \u00a0devra pr\u00e9venir l\u2019\u00e9quipe de Royal Kids pour intervention.<br \/>\nToute \u00a0 d\u00e9gradation \u00a0 faite \u00a0 aux \u00a0 jeux \u00a0 ou \u00a0structures \u00a0par \u00a0un \u00a0enfant \u00a0ou \u00a0adulte \u00a0sera \u00a0sous \u00a0l&rsquo;enti\u00e8re \u00a0responsabilit\u00e9 \u00a0de \u00a0l&rsquo;adulte accompagnant et pourra amener \u00e0 des poursuites.<br \/>\nPour des raisons \u00e9videntes de s\u00e9curit\u00e9, il est strictement interdit de grimper sur les filets ext\u00e9rieurs des structures, de monter ou descendre les toboggans ou la piste de luge en sens inverse, de sortir les jeux mobiles de leurs espaces.<br \/>\nLes usagers s\u2019engagent \u00e0 respecter les zones de s\u00e9curit\u00e9, notamment aux abords des entr\u00e9es et sorties des diff\u00e9rents modules de jeux pr\u00e9sents dans le parc, afin d\u2019\u00e9viter les heurts entre les enfants utilisant l&rsquo;\u00e9quipement et ceux qui ne l&rsquo;utilisent pas.<\/p>\n<p>&nbsp;<\/p>\n<p style=\"text-align: center;\">Anniversaires Royal Kids<\/p>\n<p style=\"text-align: center;\">Lors d\u2019un anniversaire, la pr\u00e9sence en permanence d\u2019un parent ou adulte responsable est obligatoire.<br \/>\nRoyal Kids rappelle \u00a0que \u00a0l&rsquo;ensemble \u00a0des \u00a0enfants \u00a0invit\u00e9s \u00a0pour \u00a0l\u2019anniversaire \u00a0sont \u00a0sous \u00a0la \u00a0responsabilit\u00e9 de l\u2019adulte responsable.<\/p>\n<p style=\"text-align: center;\">Toute l\u2019\u00e9quipe de Royal Kids\u00a0vous remercie de votre\u00a0attention responsable\u00a0et vous souhaite un tr\u00e8s\u00a0bon moment au sein du\u00a0parc.<\/p>\n<\/div>\n<\/article>\n<\/div>\n<\/div>\n<\/div>\n<\/div>\n<footer id=\"footer\" class=\"R desktop-only\" role=\"contentinfo\">\n<div class=\"wrapper\">\n<div class=\"region region-footer\" style=\"text-align: center;\"><\/div>\n<\/div>\n<\/footer>\n","protected":false},"excerpt":{"rendered":"Ce r\u00e8glement a \u00e9t\u00e9 con\u00e7u, avant tout, afin d&rsquo;assurer la s\u00e9curit\u00e9 de vos enfants dans un environnement sain. La Direction de\u00a0Royal Kids\u00a0se r\u00e9serve le droit d\u2019exclure toute\u00a0personne\u00a0ne le respectant pas. &nbsp; Conditions d\u2019acc\u00e8s Toute personne d\u00e9sirant entrer dans le parc Royal Kids doit s\u2019acquitter de son droit d\u2019entr\u00e9e. \u00a0Celui-ci lui permet d\u2019acc\u00e9der \u00e0 l\u2019ensemble des [&hellip;]","protected":false},"author":60,"featured_media":0,"parent":0,"menu_order":0,"comment_status":"closed","ping_status":"closed","template":"block-width-page.php","meta":{"footnotes":""},"_links":{"self":[{"href":"https:\/\/royalkids.fr\/plandecampagne\/wp-json\/wp\/v2\/pages\/6"}],"collection":[{"href":"https:\/\/royalkids.fr\/plandecampagne\/wp-json\/wp\/v2\/pages"}],"about":[{"href":"https:\/\/royalkids.fr\/plandecampagne\/wp-json\/wp\/v2\/types\/page"}],"author":[{"embeddable":true,"href":"https:\/\/royalkids.fr\/plandecampagne\/wp-json\/wp\/v2\/users\/60"}],"replies":[{"embeddable":true,"href":"https:\/\/royalkids.fr\/plandecampagne\/wp-json\/wp\/v2\/comments?post=6"}],"version-history":[{"count":0,"href":"https:\/\/royalkids.fr\/plandecampagne\/wp-json\/wp\/v2\/pages\/6\/revisions"}],"wp:attachment":[{"href":"https:\/\/royalkids.fr\/plandecampagne\/wp-json\/wp\/v2\/media?parent=6"}],"curies":[{"name":"wp","href":"https:\/\/api.w.org\/{rel}","templated":true}]}}