{"id":9,"date":"2026-01-26T08:05:58","date_gmt":"2026-01-26T07:05:58","guid":{"rendered":"https:\/\/royalkids.fr\/plandecampagne\/tarifs\/"},"modified":"2026-01-26T08:05:58","modified_gmt":"2026-01-26T07:05:58","slug":"tarifs","status":"publish","type":"page","link":"https:\/\/royalkids.fr\/plandecampagne\/tarifs\/","title":{"rendered":"Tarifs"},"content":{"rendered":"\n\n<section class=\"tarifs-slider main-slider\">\n    <div class=\"oe-parks-container\">\n        <div class=\"swiper-container\">\n    <div class=\"swiper-wrapper\">\n        <div class=\"swiper-slide\" style=\"background-image: url('https:\/\/royalkids.fr\/plandecampagne\/wp-content\/plugins\/oe-parks\/\/assets\/images\/h-slider-1.webp');\"\n            data-background=\"https:\/\/royalkids.fr\/plandecampagne\/wp-content\/plugins\/oe-parks\/\/assets\/images\/h-slider-1.webp\">\n            <div class=\"slide-content\">\n                <h2>Royal Kids Plan de Campagne<\/h2>\n                <p>\n                     Votre Parc de  Jeux pour Enfants de 0 \u00e0 12 ans. C\u2019est un lieu id\u00e9al pour f\u00eater ton<br> anniversaire et t\u2019amuser toute l\u2019ann\u00e9e \u00e0 Plan de Campagne!                <\/p>\n            <\/div>\n        <\/div>\n    <\/div>\n<\/div>                    <div class=\"header-pictos container\">\n    <div class=\"header-pictos-wrap\">\n                <img decoding=\"async\" src=\"https:\/\/royalkids.fr\/plandecampagne\/wp-content\/plugins\/oe-parks\/\/assets\/images\/pique_nique_interdit.webp\" alt=\"pique_nique_interdit\" loading=\"lazy\">\n                <img decoding=\"async\" src=\"https:\/\/royalkids.fr\/plandecampagne\/wp-content\/plugins\/oe-parks\/\/assets\/images\/chaussettes_obligatores.png\" alt=\"chaussettes_obligatoires\" loading=\"lazy\">\n                <img decoding=\"async\" src=\"https:\/\/royalkids.fr\/plandecampagne\/wp-content\/plugins\/oe-parks\/\/assets\/images\/espace_chauffe_et_climatise.png\" alt=\"espace_chauffe_climatise\" loading=\"lazy\">\n                <img decoding=\"async\" src=\"https:\/\/royalkids.fr\/plandecampagne\/wp-content\/plugins\/oe-parks\/\/assets\/images\/wifi.webp\" alt=\"wifi_zone\" loading=\"lazy\">\n            <\/div>\n<\/div>      \n            <\/div>\n<\/section>\n<section class=\"social-media\">\n    <div class=\"oe-parks-container oe-parks-violet-container\">\n        <div class=\"content container\">\n            <img decoding=\"async\" class=\"leon-img\" src=\"https:\/\/royalkids.fr\/plandecampagne\/wp-content\/plugins\/oe-parks\/\/assets\/images\/leon-2.webp\" alt=\"Royal Kids\" loading=\"lazy\">\n            <h4>\u2018<span class=\"color-yellow\">Royal Kids<\/span>\u2019 Plan de Campagne<\/h4>\n            <p>rejoignez-nous sur nos r\u00e9seaux sociaux<\/p>\n            <div class=\"social-media-icons\">\n                            <\/div>\n\n        <\/div>\n    <\/div>\n<\/section><section class=\"oe-parks-green-container\" style=\"height:50px;\">\n<\/section>\n\n<section class=\"tariffs-2 bg-bl\">\n    <div class=\"content-title\">\n        <h2>Les <span class=\"color-rose-w-1\">bons plans <\/span> Royal Kids <\/h2>\n        <p> Retrouvez tous le bons plans de votre parc de jeux Royal Kids Plan de Campagne<\/p>\n    <\/div>\n\n    <div class=\"oe-parks-rose-container-op py-4\">\n        <div class=\"container\">\n            <div class=\"row gap-2 offers-tariffs-conteiner align-items-center\">\n                                <!--<div class=\"col offer-box-wrap\">\n                    <div class=\"offer-box bg-white color-rose-w-1 border-0\">\n                        <p>carte Royal Pass<br> enfant de moins de 4 ans<br> Valable 2 ans<br>\n                        <\/p>\n                        <a href=\"#\" class=\"btn button rose-w-btn buy-online-btn\"><i class=\"fa-solid fa-plus\"><\/i>\n                            Acheter en\n                            ligne<\/a>\n                    <\/div>\n                <\/div>\n                <div class=\"col offer-box-wrap\">\n                    <div class=\"offer-box color-white bg-transparent\">\n                        <p> carte Royal Pass<br> 10 entr\u00e9es moins de 4 ans<\/p>\n                        <div class=\"offer-box-price\">\n                            <h3>75<\/h3>\n                            <div class=\"cp2\">\n                                <h4>.00\u20ac<\/h4>\n                            <\/div>\n                        <\/div>\n                        <a href=\"#\" class=\"btn button y-btn\">en savoir +<\/a>\n                    <\/div>\n                <\/div>\n                <div class=\"col offer-box-wrap\">\n                    <div class=\"offer-box color-white bg-transparent\">\n                        <p>Pass\u2019\u00e9t\u00e9 5 entr\u00e9es<br> Valable Juillet\/Ao\u00fbt<\/p>\n                        <div class=\"offer-box-price\">\n                            <h3>45<\/h3>\n                            <div class=\"cp2\">\n                                <h4>.00\u20ac<\/h4>\n                            <\/div>\n                        <\/div>\n                        <a href=\"#\" class=\"btn button y-btn\">en savoir +<\/a>\n                    <\/div>\n                <\/div>-->\n                <div class=\"col offer-box-wrap\">\n                    <div class=\"text-center\">\n                        <div class=\"groups-title d-flex align-items-center mb-1 justify-content-center\">\n                            <img decoding=\"async\" height=\"30\" class=\"me-1\"\n                                src=\"https:\/\/royalkids.fr\/plandecampagne\/wp-content\/plugins\/oe-parks\/\/assets\/images\/groupes.svg\" alt=\"Royal Kids\" loading=\"lazy\">\n                            <h4 class=\"text-uppercase mb-0\"> Groupes et CE<\/h4>\n                        <\/div>\n                        <a href=\"https:\/\/royalkids.fr\/plandecampagne\/groupes-et-ce\" class=\"btn y-btn action-btn\"> c\u2019est par ici !<\/a>\n                    <\/div>\n                <\/div>\n            <\/div>\n        <\/div>\n    <\/div>\n    <div class=\"container birthday-btn-container \">\n        <div class=\"birthday-btn-container-wrap col-lg-7 mx-auto text-center\">\n        <img decoding=\"async\"  class=\"\" src=\"https:\/\/royalkids.fr\/plandecampagne\/wp-content\/plugins\/oe-parks\/\/assets\/images\/birthday-cake-1.webp\"\n            alt=\"Royal Kids\" loading=\"lazy\">\n        <a href=\"https:\/\/royalkids.fr\/plandecampagne\/anniversaires\" class=\"btn yellow-btn-w tariffs-birthday-btn\"><span>D\u00e9couvrez nos\n                formules anniversaires<\/span> <i class=\"fa-solid fa-angle-right\"><\/i><\/a>\n        <\/div>\n        \n    <\/div>\n<\/section>\n","protected":false},"excerpt":{"rendered":"","protected":false},"author":60,"featured_media":0,"parent":0,"menu_order":0,"comment_status":"closed","ping_status":"closed","template":"","meta":{"footnotes":""},"_links":{"self":[{"href":"https:\/\/royalkids.fr\/plandecampagne\/wp-json\/wp\/v2\/pages\/9"}],"collection":[{"href":"https:\/\/royalkids.fr\/plandecampagne\/wp-json\/wp\/v2\/pages"}],"about":[{"href":"https:\/\/royalkids.fr\/plandecampagne\/wp-json\/wp\/v2\/types\/page"}],"author":[{"embeddable":true,"href":"https:\/\/royalkids.fr\/plandecampagne\/wp-json\/wp\/v2\/users\/60"}],"replies":[{"embeddable":true,"href":"https:\/\/royalkids.fr\/plandecampagne\/wp-json\/wp\/v2\/comments?post=9"}],"version-history":[{"count":0,"href":"https:\/\/royalkids.fr\/plandecampagne\/wp-json\/wp\/v2\/pages\/9\/revisions"}],"wp:attachment":[{"href":"https:\/\/royalkids.fr\/plandecampagne\/wp-json\/wp\/v2\/media?parent=9"}],"curies":[{"name":"wp","href":"https:\/\/api.w.org\/{rel}","templated":true}]}}