{"id":9,"date":"2025-01-19T11:38:22","date_gmt":"2025-01-19T10:38:22","guid":{"rendered":"https:\/\/royalkids.fr\/roissy-en-brie\/anniversaires\/"},"modified":"2025-01-19T11:38:22","modified_gmt":"2025-01-19T10:38:22","slug":"anniversaires","status":"publish","type":"page","link":"https:\/\/royalkids.fr\/roissy-en-brie\/anniversaires\/","title":{"rendered":"Anniversaires"},"content":{"rendered":"\n\n<section class=\"birthdays-slider main-slider\">\n    <div class=\"oe-parks-container\">\n        <div class=\"swiper-container images-sw-container\">\n    <div class=\"swiper-wrapper\">\n                <div class=\"swiper-slide\" style=\"background-image: url('https:\/\/royalkids.fr\/roissy-en-brie\/wp-content\/uploads\/sites\/45\/2025\/10\/slide-23-150x150.jpg');\" data-background=\"https:\/\/royalkids.fr\/roissy-en-brie\/wp-content\/uploads\/sites\/45\/2025\/10\/slide-23.jpg\">\n            <div class=\"slide-content\">\n                                <div class=\"slide-overlay\">\n                                        <h2>F\u00eate ton anniversaire dans la salle &quot;Sous l&#039;Oc\u00e9an&quot;<\/h2>\n                    \n                    \n                                        <a href=\"https:\/\/resagames.qweekle.com\/shop\/rk\/fetes-danniversaire?lang=fr\" class=\"button btn choose-park-btn\" target=\"_blank\">\n                                                                        <i class=\"fa-solid fa-calendar\"><\/i>\n                                                                        R\u00e9server d\u00e8s maintenant en ligne                    <\/a>\n                                    <\/div>\n                            <\/div>\n        <\/div>\n                <div class=\"swiper-slide\" style=\"background-image: url('https:\/\/royalkids.fr\/roissy-en-brie\/wp-content\/uploads\/sites\/45\/2025\/10\/slide-27-150x150.jpg');\" data-background=\"https:\/\/royalkids.fr\/roissy-en-brie\/wp-content\/uploads\/sites\/45\/2025\/10\/slide-27.jpg\">\n            <div class=\"slide-content\">\n                                <div class=\"slide-overlay\">\n                                        <h2>F\u00eate ton anniversaire dans la salle &quot;Princes &amp; Princesses&quot;<\/h2>\n                    \n                    \n                                        <a href=\"https:\/\/resagames.qweekle.com\/shop\/rk\/fetes-danniversaire?lang=fr\" class=\"button btn choose-park-btn\" target=\"_blank\">\n                                                R\u00e9server d\u00e8s maintenant en ligne                    <\/a>\n                                    <\/div>\n                            <\/div>\n        <\/div>\n                <div class=\"swiper-slide\" style=\"background-image: url('https:\/\/royalkids.fr\/roissy-en-brie\/wp-content\/uploads\/sites\/45\/2025\/10\/slide-26-150x150.jpg');\" data-background=\"https:\/\/royalkids.fr\/roissy-en-brie\/wp-content\/uploads\/sites\/45\/2025\/10\/slide-26.jpg\">\n            <div class=\"slide-content\">\n                                <div class=\"slide-overlay\">\n                                        <h2>F\u00eate ton anniversaire dans la salle &quot;Jeu Vid\u00e9o&quot;<\/h2>\n                    \n                    \n                                        <a href=\"https:\/\/resagames.qweekle.com\/shop\/rk\/fetes-danniversaire?lang=fr\" class=\"button btn choose-park-btn\" target=\"_blank\">\n                                                R\u00e9server d\u00e8s maintenant en ligne                    <\/a>\n                                    <\/div>\n                            <\/div>\n        <\/div>\n                <div class=\"swiper-slide\" style=\"background-image: url('https:\/\/royalkids.fr\/roissy-en-brie\/wp-content\/uploads\/sites\/45\/2025\/10\/slide-25-150x150.jpg');\" data-background=\"https:\/\/royalkids.fr\/roissy-en-brie\/wp-content\/uploads\/sites\/45\/2025\/10\/slide-25.jpg\">\n            <div class=\"slide-content\">\n                                <div class=\"slide-overlay\">\n                                        <h2>F\u00eate ton anniversaire dans la salle &quot;Savane&quot;<\/h2>\n                    \n                    \n                                        <a href=\"https:\/\/resagames.qweekle.com\/shop\/rk\/fetes-danniversaire?lang=fr\" class=\"button btn choose-park-btn\" target=\"_blank\">\n                                                R\u00e9server d\u00e8s maintenant en ligne                    <\/a>\n                                    <\/div>\n                            <\/div>\n        <\/div>\n                <div class=\"swiper-slide\" style=\"background-image: url('https:\/\/royalkids.fr\/roissy-en-brie\/wp-content\/uploads\/sites\/45\/2025\/10\/slide-24-150x150.jpg');\" data-background=\"https:\/\/royalkids.fr\/roissy-en-brie\/wp-content\/uploads\/sites\/45\/2025\/10\/slide-24.jpg\">\n            <div class=\"slide-content\">\n                                <div class=\"slide-overlay\">\n                                        <h2>F\u00eate ton anniversaire dans la salle &quot;Pirates&quot;<\/h2>\n                    \n                    \n                                        <a href=\"https:\/\/resagames.qweekle.com\/shop\/rk\/fetes-danniversaire?lang=fr\" class=\"button btn choose-park-btn\" target=\"_blank\">\n                                                R\u00e9server d\u00e8s maintenant en ligne                    <\/a>\n                                    <\/div>\n                            <\/div>\n        <\/div>\n                <div class=\"swiper-slide\" style=\"background-image: url('https:\/\/royalkids.fr\/roissy-en-brie\/wp-content\/uploads\/sites\/45\/2025\/10\/slide-22-150x150.jpg');\" data-background=\"https:\/\/royalkids.fr\/roissy-en-brie\/wp-content\/uploads\/sites\/45\/2025\/10\/slide-22.jpg\">\n            <div class=\"slide-content\">\n                                <div class=\"slide-overlay\">\n                                        <h2>F\u00eate ton anniversaire dans la salle &quot;Dans l&#039;espace&quot;<\/h2>\n                    \n                    \n                                        <a href=\"https:\/\/resagames.qweekle.com\/shop\/rk\/fetes-danniversaire?lang=fr\" class=\"button btn choose-park-btn\" target=\"_blank\">\n                                                R\u00e9server d\u00e8s maintenant en ligne                    <\/a>\n                                    <\/div>\n                            <\/div>\n        <\/div>\n                <div class=\"swiper-slide\" style=\"background-image: url('https:\/\/royalkids.fr\/roissy-en-brie\/wp-content\/uploads\/sites\/45\/2025\/10\/slide-21-150x150.jpg');\" data-background=\"https:\/\/royalkids.fr\/roissy-en-brie\/wp-content\/uploads\/sites\/45\/2025\/10\/slide-21.jpg\">\n            <div class=\"slide-content\">\n                                <div class=\"slide-overlay\">\n                                        <h2>F\u00eate ton anniversaire dans la salle &quot;Super H\u00e9ros&quot;<\/h2>\n                    \n                    \n                                        <a href=\"https:\/\/resagames.qweekle.com\/shop\/rk\/fetes-danniversaire?lang=fr\" class=\"button btn choose-park-btn\" target=\"_blank\">\n                                                R\u00e9server d\u00e8s maintenant en ligne                    <\/a>\n                                    <\/div>\n                            <\/div>\n        <\/div>\n                <div class=\"swiper-slide\" style=\"background-image: url('https:\/\/royalkids.fr\/roissy-en-brie\/wp-content\/uploads\/sites\/45\/2025\/10\/slide-20-150x150.jpg');\" data-background=\"https:\/\/royalkids.fr\/roissy-en-brie\/wp-content\/uploads\/sites\/45\/2025\/10\/slide-20.jpg\">\n            <div class=\"slide-content\">\n                                <div class=\"slide-overlay\">\n                                        <h2>F\u00eate ton anniversaire dans la salle &quot;F\u00eate Foraine&quot;<\/h2>\n                    \n                    \n                                        <a href=\"https:\/\/resagames.qweekle.com\/shop\/rk\/fetes-danniversaire?lang=fr\" class=\"button btn choose-park-btn\" target=\"_blank\">\n                                                R\u00e9server d\u00e8s maintenant en ligne                    <\/a>\n                                    <\/div>\n                            <\/div>\n        <\/div>\n            <\/div>\n\n    <!-- Add Pagination \n        <div class=\"swiper-pagination\"><\/div>-->\n\n    <!-- Add Navigation \n        <div class=\"swiper-button-next\"><\/div>\n        <div class=\"swiper-button-prev\"><\/div>-->\n      \n<\/div>\n\n<style>\n\n<\/style>\n\n<script>\ndocument.addEventListener('DOMContentLoaded', function() {\n    var swiper = new Swiper('.swiper-container', {\n\n        slidesPerView: 1,\n        autoplay: {\n        delay: 10000,\n        },\n        keyboard: {\n            enabled: true,\n        },\n        \/\/pagination: {\n        \/\/ el: '.swiper-pagination',\n        \/\/ clickable: true,\n        \/\/},\n\n    });\n});\n<\/script>\n<script>\ndocument.addEventListener('DOMContentLoaded', function() {\nconst slides = document.querySelectorAll('.swiper-slide');\nslides.forEach(slide => {\n    const observer = new IntersectionObserver((entries) => {\n        entries.forEach(entry => {\n            if (entry.isIntersecting) {\n                const background = slide.getAttribute('data-background');\n                slide.style.backgroundImage = `url(${background})`;\n                observer.unobserve(slide);\n            }\n        });\n    });\n\n    observer.observe(slide);\n});\n});\n<\/script>\n                    <div class=\"header-pictos container\">\n    <div class=\"header-pictos-wrap\">\n                <img decoding=\"async\" src=\"https:\/\/royalkids.fr\/roissy-en-brie\/wp-content\/plugins\/oe-parks\/\/assets\/images\/pique_nique_interdit.webp\" alt=\"pique_nique_interdit\" loading=\"lazy\">\n                <img decoding=\"async\" src=\"https:\/\/royalkids.fr\/roissy-en-brie\/wp-content\/plugins\/oe-parks\/\/assets\/images\/chaussettes_obligatores.png\" alt=\"chaussettes_obligatoires\" loading=\"lazy\">\n                <img decoding=\"async\" src=\"https:\/\/royalkids.fr\/roissy-en-brie\/wp-content\/plugins\/oe-parks\/\/assets\/images\/espace_chauffe_et_climatise.png\" alt=\"espace_chauffe_climatise\" loading=\"lazy\">\n                <img decoding=\"async\" src=\"https:\/\/royalkids.fr\/roissy-en-brie\/wp-content\/plugins\/oe-parks\/\/assets\/images\/wifi.webp\" alt=\"wifi_zone\" loading=\"lazy\">\n            <\/div>\n<\/div>      \n            <\/div>\n<\/section>\n<section class=\"social-media\">\n    <div class=\"oe-parks-container oe-parks-violet-container\">\n        <div class=\"content container\">\n            <img decoding=\"async\" class=\"leon-img\" src=\"https:\/\/royalkids.fr\/roissy-en-brie\/wp-content\/plugins\/oe-parks\/\/assets\/images\/birth-leon-1.webp\" alt=\"Royal Kids\" loading=\"lazy\">\n            <h4>\u2018<span class=\"color-yellow\">Royal Kids<\/span>\u2019 Roissy-en-Brie<\/h4>\n            <p>rejoignez-nous sur nos r\u00e9seaux sociaux<\/p>\n            <div class=\"social-media-icons\">\n                <div class=\"social-media\"><ul><li><a href=\"https:\/\/www.facebook.com\/royalkids.roissyenbrie\" target=\"_blank\" class=\"social-link\"><i class=\"fa-brands fa-square-facebook\"><\/i><\/a><\/li><li><a href=\"https:\/\/www.instagram.com\/royalkids.roissyenbrie\/?hl=fr\" target=\"_blank\" class=\"social-link\"><i class=\"fa-brands fa-instagram\"><\/i> <img decoding=\"async\" class=\"inst-icon-text\" src=\"https:\/\/royalkids.fr\/roissy-en-brie\/wp-content\/plugins\/oe-parks\/\/assets\/images\/logos--instagram.svg\" alt=\"instagram\"><\/a><\/li><li><a href=\"https:\/\/www.tiktok.com\/@royalkids.roissy77\" target=\"_blank\" class=\"social-link\"><i class=\"fa-brands fa-tiktok\"><\/i><\/a><\/li><li><a href=\"https:\/\/g.co\/kgs\/fdxBXoQ\" target=\"_blank\" class=\"social-link\"><i class=\"fa-brands fa-google\"><\/i><\/a><\/li><\/ul><\/div>            <\/div>\n\n        <\/div>\n    <\/div>\n<\/section>\n<section class=\"birthday-1 bp-bg\">\n    <div class=\"container\">\n        <div class=\"row birthday-1-wrap position-relative\" >\n            <div class=\"col birthday-img-wrap\">\n                <img decoding=\"async\" class=\"abs-img birthday-img birthday-img-1 position-absolute\"\n                    src=\"https:\/\/royalkids.fr\/roissy-en-brie\/wp-content\/plugins\/oe-parks\/\/assets\/images\/birthday-cake-1.webp\" alt=\"Royal Kids\" loading=\"lazy\">\n            <\/div>\n            <div class=\"col-md-7 text-center\">\n                <div class=\"content-title\">\n                    <h2><span class=\"color-green\">Royal Kids<\/span> c\u2019est aussi le lieu id\u00e9al<br> pour f\u00eater ton <span\n                            class=\"color-green\">anniversaire<\/span><\/h2>\n                    <p><p><strong>Offrez \u00e0 votre enfant un anniversaire inoubliable au Royal Kids Roissy en Brie !<\/strong><br \/>\nPlongez dans un univers magique et s\u00e9curis\u00e9 o\u00f9 les rires, les jeux et les souvenirs prennent vie.<br \/>\nGr\u00e2ce \u00e0 notre service de r\u00e9servation en ligne simple et rapide, organisez une f\u00eate sur mesure qui fera briller les yeux de votre enfant et de ses amis.<br \/>\n<strong>Animation, gourmandises et instants m\u00e9morables vous attendent\u2026<\/strong><br \/>\nR\u00e9servez d\u00e8s maintenant et laissez-nous transformer son jour sp\u00e9cial en un moment exceptionnel !<\/p>\n<\/p>\n                <\/div>\n            <\/div>\n            <div class=\"col birthday-img-wrap\">\n                <a href=\"https:\/\/kdotime.com\/\" class=\"birthday-img-2\" target=\"_blank\">\n                    <img decoding=\"async\" class=\"abs-img birthday-img position-absolute\"\n                        src=\"https:\/\/royalkids.fr\/roissy-en-brie\/wp-content\/plugins\/oe-parks\/\/assets\/images\/birthday-1.png\" alt=\"Royal Kids\" loading=\"lazy\">\n                <\/a>\n            <\/div>\n        <\/div>\n    <\/div>\n<\/section>\n\n<section class=\"birthday-2\">\n\n    <div class=\"oe-parks-green-container py-2 position-relative\">\n        <div class=\"container\">\n            <div class=\"row\">\n                <div class=\"col text-center\">\n                    <h2>Un anniversaire chez L\u00e9on c\u2019est trop bien&nbsp;!!<\/h2>\n                    <p>Choisissez votre formule anniversaire et L\u00e9on s\u2019occupe de tout organiser.<\/p>\n                <\/div>\n            <\/div>\n            <div class=\"row gap-1 prices-cards-container text-center justify-content-center\">\n                <div class=\"col\">\n    <div class=\"price-card bg-primary text-white position-relative\">\n <h4>Fiesta<\/h4>\n <p>Formule sans animateur<\/p>\n <div class=\"price-card-bottom\">\n     <div class=\"price-card-price\">\n         <h2>16<\/h2>\n         <div class=\"cp2\">\n             <h4>.90\u20ac<\/h4>\n             <span>par enfant<\/span>\n         <\/div>\n     <\/div>\n       \n     <a href=\"#\" style=\"color:var(--tertiary-color);\" data-color-class =\"bg-primary\" data-formula-id=\"38\" class=\"btn btn-light custom-btn\"> d\u00e9couvrir<\/a>\n       \n    <\/div>\n<\/div>    <\/div>\n        <div class=\"col\">\n    <div class=\"price-card bg-warning text-white position-relative\">\n <h4>Fiesta Meal<\/h4>\n <p>Formule avec Repas Sal\u00e9 &amp; Sucr\u00e9<\/p>\n <div class=\"price-card-bottom\">\n     <div class=\"price-card-price\">\n         <h2>21<\/h2>\n         <div class=\"cp2\">\n             <h4>.90\u20ac<\/h4>\n             <span>par enfant<\/span>\n         <\/div>\n     <\/div>\n       \n     <a href=\"#\" style=\"color:var(--secondary-color);\" data-color-class =\"bg-warning\" data-formula-id=\"39\" class=\"btn btn-light custom-btn\"> d\u00e9couvrir<\/a>\n       \n    <\/div>\n<\/div>    <\/div>\n        <div class=\"col\">\n    <div class=\"price-card bg-rose text-white position-relative\">\n <h4>M\u00e9ga Fiesta<\/h4>\n <p>Formule la plus demand\u00e9e<\/p>\n <div class=\"price-card-bottom\">\n     <div class=\"price-card-price\">\n         <h2>21<\/h2>\n         <div class=\"cp2\">\n             <h4>.90\u20ac<\/h4>\n             <span>par enfant<\/span>\n         <\/div>\n     <\/div>\n       \n     <a href=\"#\" style=\"color:var(--quinary-color);\" data-color-class =\"bg-rose\" data-formula-id=\"40\" class=\"btn btn-light custom-btn\"> d\u00e9couvrir<\/a>\n       \n    <\/div>\n<\/div>    <\/div>\n                <\/div>\n        <\/div>\n    <\/div>\n\n\n<\/section>\n\n<section class=\"birthday-3\">\n    <div class=\"container\">\n        <div class=\"row mt-5\">\n            <div class=\"col position-relative\">\n                <img decoding=\"async\" class=\"abs-img birthday-img birthday-img-2 position-absolute\"\n                    src=\"https:\/\/royalkids.fr\/roissy-en-brie\/wp-content\/plugins\/oe-parks\/\/assets\/images\/leon-m.webp\" alt=\"Royal Kids\" loading=\"lazy\">\n            <\/div>\n            <div class=\"col-md-8 text-center\">\n                <h4>Les groupes d\u2019anniversaire sont sous la responsabilit\u00e9 des parents<\/h4>\n                <p><p>Nous vous informons que nos <strong>formules anniversaire incluent 2 entr\u00e9es adultes<\/strong>, les adultes suppl\u00e9mentaires devront s'acquitter d'une entr\u00e9e \u00e0 2\u20ac par adulte.<br \/>\n<strong>Pour des raisons d\u2019organisation, la dur\u00e9e de chaque formule ne pourra \u00eatre prolong\u00e9e.<\/strong><br \/>\nLes consommations venant de l'ext\u00e9rieur sont interdites.<\/p>\n<\/p>\n            <\/div>\n            <div class=\"col\"><\/div>\n        <\/div>\n<\/section>\n\n<section class=\"birthday-4 pt-4\">\n    <div class=\"oe-parks-green-container py-2 position-relative\">\n        <div class=\"container position-relative\">\n            <div class=\"col pb-4 text-center\">\n                                <h2>Les options possibles<\/h2>\n                <div class=\"oe-parks-list-wi col-lg-10 mx-auto\">\n                                         <div class=\"wi-list-item\">\n        <img decoding=\"async\" class=\"list-i\" src=\"https:\/\/royalkids.fr\/roissy-en-brie\/wp-content\/plugins\/oe-parks\/\/assets\/images\/check.svg\"\n            alt=\"Royal Kids\" loading=\"lazy\">\n        <div class=\"wi-list-item-text\">\n            Royal Quest            <span class=\"top-price position-relative\">\n                <b>+2<\/b>\n                <span class=\"cp2 position-absolute\">\n                    <small><b>.00\u20ac<\/b><\/small>\n                <\/span>\n            <\/span>\n            <div><\/div>\n        <\/div>\n    <\/div>\n                                         <div class=\"wi-list-item\">\n        <img decoding=\"async\" class=\"list-i\" src=\"https:\/\/royalkids.fr\/roissy-en-brie\/wp-content\/plugins\/oe-parks\/\/assets\/images\/check.svg\"\n            alt=\"Royal Kids\" loading=\"lazy\">\n        <div class=\"wi-list-item-text\">\n            Pochette Surprise            <span class=\"top-price position-relative\">\n                <b>+2<\/b>\n                <span class=\"cp2 position-absolute\">\n                    <small><b>.50\u20ac<\/b><\/small>\n                <\/span>\n            <\/span>\n            <div><\/div>\n        <\/div>\n    <\/div>\n                                         <div class=\"wi-list-item\">\n        <img decoding=\"async\" class=\"list-i\" src=\"https:\/\/royalkids.fr\/roissy-en-brie\/wp-content\/plugins\/oe-parks\/\/assets\/images\/check.svg\"\n            alt=\"Royal Kids\" loading=\"lazy\">\n        <div class=\"wi-list-item-text\">\n            Bouteille de Soda            <span class=\"top-price position-relative\">\n                <b>+4<\/b>\n                <span class=\"cp2 position-absolute\">\n                    <small><b>.00\u20ac<\/b><\/small>\n                <\/span>\n            <\/span>\n            <div><\/div>\n        <\/div>\n    <\/div>\n                                         <div class=\"wi-list-item\">\n        <img decoding=\"async\" class=\"list-i\" src=\"https:\/\/royalkids.fr\/roissy-en-brie\/wp-content\/plugins\/oe-parks\/\/assets\/images\/check.svg\"\n            alt=\"Royal Kids\" loading=\"lazy\">\n        <div class=\"wi-list-item-text\">\n            Bouteille de Champomy            <span class=\"top-price position-relative\">\n                <b>+7<\/b>\n                <span class=\"cp2 position-absolute\">\n                    <small><b>.50\u20ac<\/b><\/small>\n                <\/span>\n            <\/span>\n            <div><\/div>\n        <\/div>\n    <\/div>\n                                         <div class=\"wi-list-item\">\n        <img decoding=\"async\" class=\"list-i\" src=\"https:\/\/royalkids.fr\/roissy-en-brie\/wp-content\/plugins\/oe-parks\/\/assets\/images\/check.svg\"\n            alt=\"Royal Kids\" loading=\"lazy\">\n        <div class=\"wi-list-item-text\">\n            G\u00e2teau Suppl\u00e9mentaire            <span class=\"top-price position-relative\">\n                <b>+18<\/b>\n                <span class=\"cp2 position-absolute\">\n                    <small><b>.00\u20ac<\/b><\/small>\n                <\/span>\n            <\/span>\n            <div><\/div>\n        <\/div>\n    <\/div>\n                                    <\/div>\n                            <\/div>\n            <img decoding=\"async\" class=\"abs-img options-img\" src=\"https:\/\/royalkids.fr\/roissy-en-brie\/wp-content\/plugins\/oe-parks\/\/assets\/images\/birth-leon.webp\" alt=\"Royal Kids\" loading=\"lazy\">\n            \n        <\/div>\n    <\/div>\n    <div class=\"row text-center m-0\">\n        <div class=\"col birthday-4-btns\">\n            <a href=\"https:\/\/resagames.qweekle.com\/shop\/rk\"  class=\"button btn reserve-btn y-btn\" target=\"_blank\">\n    <i class=\"fa-regular fa-calendar\"><\/i> R\u00e9server d\u00e8s maintenant en ligne\n    <\/a>            <a href=\"https:\/\/royalkids.fr\/roissy-en-brie\/contact\" class=\"btn button\"><i class=\"fa-solid fa-comment\"><\/i> Contactez-nous !<\/a>\n        <\/div>\n    <\/div>\n<\/section>\n<div id=\"formula-popup\" class=\"popup-overlay\">\n    <div class=\"popup-content modal-content\">\n    <button class=\"popup-close close\"><img decoding=\"async\" width=\"34\" height=\"34\"\n    src=\"https:\/\/royalkids.fr\/roissy-en-brie\/wp-content\/plugins\/oe-parks\/\/assets\/images\/close.png\" alt=\"Royal Kids\" loading=\"lazy\"><\/span><\/button>\n        <div id=\"popup-formula-content\">\n        <\/div>\n    <\/div>\n<\/div>\n\n","protected":false},"excerpt":{"rendered":"","protected":false},"author":1,"featured_media":0,"parent":0,"menu_order":0,"comment_status":"closed","ping_status":"closed","template":"","meta":{"footnotes":""},"_links":{"self":[{"href":"https:\/\/royalkids.fr\/roissy-en-brie\/wp-json\/wp\/v2\/pages\/9"}],"collection":[{"href":"https:\/\/royalkids.fr\/roissy-en-brie\/wp-json\/wp\/v2\/pages"}],"about":[{"href":"https:\/\/royalkids.fr\/roissy-en-brie\/wp-json\/wp\/v2\/types\/page"}],"author":[{"embeddable":true,"href":"https:\/\/royalkids.fr\/roissy-en-brie\/wp-json\/wp\/v2\/users\/1"}],"replies":[{"embeddable":true,"href":"https:\/\/royalkids.fr\/roissy-en-brie\/wp-json\/wp\/v2\/comments?post=9"}],"version-history":[{"count":0,"href":"https:\/\/royalkids.fr\/roissy-en-brie\/wp-json\/wp\/v2\/pages\/9\/revisions"}],"wp:attachment":[{"href":"https:\/\/royalkids.fr\/roissy-en-brie\/wp-json\/wp\/v2\/media?parent=9"}],"curies":[{"name":"wp","href":"https:\/\/api.w.org\/{rel}","templated":true}]}}