{"id":10,"date":"2025-01-16T23:34:45","date_gmt":"2025-01-16T22:34:45","guid":{"rendered":"https:\/\/royalkids.fr\/velizy2\/groupes-et-ce\/"},"modified":"2025-01-16T23:34:45","modified_gmt":"2025-01-16T22:34:45","slug":"groupes-et-ce","status":"publish","type":"page","link":"https:\/\/royalkids.fr\/velizy2\/groupes-et-ce\/","title":{"rendered":"Groupes et CE"},"content":{"rendered":"\n\n<section class=\"groupes-slider main-slider\">\n    <div class=\"oe-parks-container\">\n        <div class=\"swiper-container images-sw-container\">\n    <div class=\"swiper-wrapper\">\n                <div class=\"swiper-slide\" style=\"background-image: url('https:\/\/royalkids.fr\/velizy2\/wp-content\/uploads\/sites\/41\/2025\/01\/slide-2-150x150.jpg');\" data-background=\"https:\/\/royalkids.fr\/velizy2\/wp-content\/uploads\/sites\/41\/2025\/01\/slide-2.jpg\">\n            <div class=\"slide-content\">\n                                <div class=\"slide-overlay\">\n                                        <h2>ESPACE GROUPE ET CE<\/h2>\n                    \n                                        <p><p>Royal Kids Velizy2 est le lieu id\u00e9al<\/p>\n<p>pour organiser vos \u00e9v\u00e8nements<\/p>\n<\/p>\n                    \n                                        <a href=\"https:\/\/royalkids.fr\/velizy2\/contact\/\" class=\"button btn choose-park-btn\" target=\"\">\n                                                                        <i class=\"fa-solid fa-paper-plane\"><\/i>\n                                                                        Contactez-nous !                    <\/a>\n                                    <\/div>\n                            <\/div>\n        <\/div>\n            <\/div>\n\n    <!-- Add Pagination \n        <div class=\"swiper-pagination\"><\/div>-->\n\n    <!-- Add Navigation \n        <div class=\"swiper-button-next\"><\/div>\n        <div class=\"swiper-button-prev\"><\/div>-->\n      \n<\/div>\n\n<style>\n\n<\/style>\n\n<script>\ndocument.addEventListener('DOMContentLoaded', function() {\n    var swiper = new Swiper('.swiper-container', {\n\n        slidesPerView: 1,\n        autoplay: {\n        delay: 10000,\n        },\n        keyboard: {\n            enabled: true,\n        },\n        \/\/pagination: {\n        \/\/ el: '.swiper-pagination',\n        \/\/ clickable: true,\n        \/\/},\n\n    });\n});\n<\/script>\n<script>\ndocument.addEventListener('DOMContentLoaded', function() {\nconst slides = document.querySelectorAll('.swiper-slide');\nslides.forEach(slide => {\n    const observer = new IntersectionObserver((entries) => {\n        entries.forEach(entry => {\n            if (entry.isIntersecting) {\n                const background = slide.getAttribute('data-background');\n                slide.style.backgroundImage = `url(${background})`;\n                observer.unobserve(slide);\n            }\n        });\n    });\n\n    observer.observe(slide);\n});\n});\n<\/script>\n                    <div class=\"header-pictos container\">\n    <div class=\"header-pictos-wrap\">\n                <img decoding=\"async\" src=\"https:\/\/royalkids.fr\/velizy2\/wp-content\/plugins\/oe-parks\/\/assets\/images\/pique_nique_interdit.webp\" alt=\"pique_nique_interdit\" loading=\"lazy\">\n                <img decoding=\"async\" src=\"https:\/\/royalkids.fr\/velizy2\/wp-content\/plugins\/oe-parks\/\/assets\/images\/chaussettes_obligatores.png\" alt=\"chaussettes_obligatoires\" loading=\"lazy\">\n                <img decoding=\"async\" src=\"https:\/\/royalkids.fr\/velizy2\/wp-content\/plugins\/oe-parks\/\/assets\/images\/espace_chauffe_et_climatise.png\" alt=\"espace_chauffe_climatise\" loading=\"lazy\">\n                <img decoding=\"async\" src=\"https:\/\/royalkids.fr\/velizy2\/wp-content\/plugins\/oe-parks\/\/assets\/images\/wifi.webp\" alt=\"wifi_zone\" loading=\"lazy\">\n            <\/div>\n<\/div>      \n            <\/div>\n<\/section>\n<section class=\"social-media\">\n    <div class=\"oe-parks-container oe-parks-violet-container\">\n        <div class=\"content container\">\n            <img decoding=\"async\" class=\"leon-img\" src=\"https:\/\/royalkids.fr\/velizy2\/wp-content\/plugins\/oe-parks\/\/assets\/images\/leon.png\" alt=\"Royal Kids\" loading=\"lazy\">\n            <h4>\u2018<span class=\"color-yellow\">Royal Kids<\/span>\u2019 Velizy2<\/h4>\n            <p>rejoignez-nous sur nos r\u00e9seaux sociaux<\/p>\n            <div class=\"social-media-icons\">\n                            <\/div>\n\n        <\/div>\n    <\/div>\n<\/section>\n<section class=\"groupes-1\">\n    <div class=\"container\">\n        <div class=\"row groupes-1-wrap  justify-content-center\">\n            <div class=\"text-center col-md-7\">\n                <div class=\"content-title\">\n                    <h2><span class=\"color-v\">Royal Kids<\/span> c\u2019est aussi le lieu id\u00e9al<br> pour organiser vos <span\n                            class=\"color-v\">\u00e9v\u00e8nements<\/span><\/h2>\n                    <p><p>Vous faites partie d\u2019un centre, d\u2019une association, d\u2019un groupe scolaire, d\u2019un CSE, ou vous repr\u00e9sentez un groupe de plusieurs personnes ?<\/p>\n<p>D\u00e9couvrez une fa\u00e7on unique de divertir toute votre \u00e9quipe, tout en vous d\u00e9pensant ! Venez b\u00e9n\u00e9ficier de l\u2019encadrement et du savoir-faire de nos animateurs pour venir en groupe et passer un moment inoubliable<\/p>\n<\/p>\n                <\/div>\n            <\/div>\n        <\/div>\n    <\/div>\n<\/section>\n<section class=\"groupes-2 oe-parks-yellow-container\">\n           <div class=\"container\">\n        <div class=\"row justify-content-center\">\n            <div class=\"text-center col-md-7\">\n                                <div class=\"color-v\">\n                    <h2>D\u00e9couvrez nos offres d\u00e9di\u00e9es<\/h2>\n                    <p>D\u00e9couvrez d\u00e8s maintenant nos offres d\u00e9di\u00e9es aux groupes et comit\u00e9s d'entreprises<\/p>\n                <\/div>\n                            <\/div>\n            <div class=\"row gap-1 prices-cards-container text-center justify-content-center\">\n                         <div class=\"col\">\n                <div class=\"price-card bg-primary text-white position-relative\">\n <h4 class=\"groups-offer-title\">GROUPE SCOLAIRE ET ASSOCIATION<\/h4>\n <div class=\"price-card-bottom\">\n     <div class=\"price-card-price\">\n         <h4>Tarifs<\/h4>\n         <p>sur devis<\/p>\n     <\/div>\n     <a href=\"#\" style=\"color:var(--tertiary-color);\" data-color-class =\"bg-primary\" data-groups-offer-id=\"45\" class=\"btn btn-light\">d\u00e9couvrir<\/a>\n    <\/div>\n<\/div>                <\/div>\n                                <div class=\"col\">\n                <div class=\"price-card bg-violet text-white position-relative\">\n <h4 class=\"groups-offer-title\">BILLETTERIE CSE ET PROFESSIONNELS<\/h4>\n <div class=\"price-card-bottom\">\n     <div class=\"price-card-price\">\n         <h4>Tarifs<\/h4>\n         <p>sur devis<\/p>\n     <\/div>\n     <a href=\"#\" style=\"color:var(--primary-color);\" data-color-class =\"bg-violet\" data-groups-offer-id=\"47\" class=\"btn btn-light\">d\u00e9couvrir<\/a>\n    <\/div>\n<\/div>                <\/div>\n                                <div class=\"col\">\n                <div class=\"price-card bg-rose text-white position-relative\">\n <h4 class=\"groups-offer-title\">PRIVATISATION ET EVENEMENTS<\/h4>\n <div class=\"price-card-bottom\">\n     <div class=\"price-card-price\">\n         <h4>Tarifs<\/h4>\n         <p>sur devis<\/p>\n     <\/div>\n     <a href=\"#\" style=\"color:var(--quinary-color);\" data-color-class =\"bg-rose\" data-groups-offer-id=\"48\" class=\"btn btn-light\">d\u00e9couvrir<\/a>\n    <\/div>\n<\/div>                <\/div>\n                                <div class=\"col\">\n                <div class=\"price-card bg-success text-white position-relative\">\n <h4 class=\"groups-offer-title\">ARBRE DE NOEL<\/h4>\n <div class=\"price-card-bottom\">\n     <div class=\"price-card-price\">\n         <h4>Tarifs<\/h4>\n         <p>sur devis<\/p>\n     <\/div>\n     <a href=\"#\" style=\"color:var(--quaternary-color);\" data-color-class =\"bg-success\" data-groups-offer-id=\"49\" class=\"btn btn-light\">d\u00e9couvrir<\/a>\n    <\/div>\n<\/div>                <\/div>\n                            <\/div>\n            <!--<div class=\"row gap-1 col-md-10 prices-cards-container text-center justify-content-center\">\n                <div class=\"col\">\n                    <div class=\"price-card bg-primary\">\n                        <h4> Groupes scolaires\n                            et associations<\/h4>\n                        <div class=\"price-card-bottom\">\n                            <div class=\"price-card-price\">\n                                <h2>Tarifs<\/h2>\n                                <div class=\"cp2\">\n                                    <span>sur devis<\/span>\n                                <\/div>\n                            <\/div>\n                            <a style=\"color: var(--tertiary-color);\" href=\"https:\/\/royalkids.fr\/velizy2\/tarifs\"\n                                class=\"btn btn-light\"> d\u00e9couvrir<\/a>\n                        <\/div>\n                    <\/div>\n                <\/div>\n                <div class=\"col\">\n                    <div class=\"price-card bg-violet\">\n                        <h4> billetterie cse\n                            et professionnels<\/h4>\n                        <div class=\"price-card-bottom\">\n                            <div class=\"price-card-price\">\n                                <h2>Tarifs<\/h2>\n                                <div class=\"cp2\">\n                                    <span>sur devis<\/span>\n                                <\/div>\n                            <\/div>\n                            <a style=\"color: var(--primary-color);\" href=\"https:\/\/royalkids.fr\/velizy2\/tarifs\"\n                                class=\"btn btn-light\"> d\u00e9couvrir<\/a>\n                        <\/div>\n                    <\/div>\n                <\/div>\n                <div class=\"col\">\n                    <div class=\"price-card bg-rose\">\n                        <h4> privatisation et\n                            \u00e9v\u00e8nements<\/h4>\n                        <div class=\"price-card-bottom\">\n                            <div class=\"price-card-price\">\n                                <h2>Tarifs<\/h2>\n                                <div class=\"cp2\">\n                                    <span>sur devis<\/span>\n                                <\/div>\n                            <\/div>\n                            <a style=\"color:var(--quinary-color);\" href=\"https:\/\/royalkids.fr\/velizy2\/tarifs\"\n                                class=\"btn btn-light\"> d\u00e9couvrir<\/a>\n                        <\/div>\n                    <\/div>\n                <\/div>\n                <div class=\"col\">\n                    <div class=\"price-card bg-success\">\n                        <h4 class=\"mt-2\">arbres de no\u00ebl<\/h4>\n                        <div class=\"price-card-bottom\">\n                            <div class=\"price-card-price\">\n                                <h2>Tarifs<\/h2>\n                                <div class=\"cp2\">\n                                    <span>sur devis<\/span>\n                                <\/div>\n                            <\/div>\n                            <a style=\"color: var(--quaternary-color);\" href=\"https:\/\/royalkids.fr\/velizy2\/tarifs\"\n                                class=\"btn btn-light\"> d\u00e9couvrir<\/a>\n                        <\/div>\n                    <\/div>\n                <\/div>\n            <\/div>-->\n        <\/div>\n    <\/div>\n<\/section>\n<section class=\"groupes-3 pt-5 pb-4\">\n    <div class=\"container\">\n        <div class=\"row gy-2 groupes-3-wrap mt-4 justify-content-between align-items-center\">\n            <div class=\"col-md-3 groupes-3-img\">\n                <img decoding=\"async\" class=\"bottom-shadow\" height=\"170\" src=\"https:\/\/royalkids.fr\/velizy2\/wp-content\/plugins\/oe-parks\/\/assets\/images\/gce-1.webp\"\n                    alt=\"Royal Kids\" loading=\"lazy\">\n            <\/div>\n            <div class=\"col-md-9\">\n                <h4 class=\"text-start mb-2\"> Vous \u00eates professionnels de l'enfance<\/h4>\n                <p>Cr\u00e8ches, garderies, \u00e9coles, centres a\u00e9r\u00e9s, associations...<br>\n                    Nous vous proposons des tarifs de groupe avec possibilit\u00e9 de vous r\u00e9server le parc pour une\n                    demi-journ\u00e9e. Les enfants seront accueillis par nos \u00e9quipes et b\u00e9n\u00e9ficieront de nos installations.\n                    Un bon moment d'activit\u00e9 physique pour les plus grands\n                    et de d\u00e9veloppement de la psychomotricit\u00e9 pour les plus petits !<\/p>\n            <\/div>\n        <\/div>\n    <\/div>\n<\/section>\n\n<section class=\"groupes-4\">\n    <div class=\"oe-parks-yellow-container py-4\">\n        <div class=\"container\">\n            <div class=\"row groupes-4-wrap justify-content-between align-items-center\">\n                <div class=\"col-md-9 text-end\">\n                    <h4 class=\"text-end\"> Vous \u00eates une entreprise ou un comit\u00e9 d'entreprise<\/h4>\n                    <p> Vous recherchez l'originalit\u00e9 pour vos collaborateurs, vous voulez leur offrir un loisir qui\n                        mettra\n                        d'accord toute la famille, nous vous proposons des tarifs entreprises pour la billetterie.\n                        Nous proposons \u00e9galement des prestations plus vastes telles que l'organisation d\u2019\u00e9v\u00e9nements,\n                        arbres de No\u00ebl (priv\u00e9 ou interentreprises), animation (ex : lancement de produit),\n                        ou de la location de salle avec ou sans traiteur<\/p>\n                <\/div>\n                <div class=\"col-md-3 text-start\">\n                    <img decoding=\"async\" class=\"\" height=\"170\" src=\"https:\/\/royalkids.fr\/velizy2\/wp-content\/plugins\/oe-parks\/\/assets\/images\/gce-2.webp\"\n                        alt=\"Royal Kids\" loading=\"lazy\">\n                <\/div>\n            <\/div>\n        <\/div>\n    <\/div>\n    <div class=\"row text-center mw-100\">\n                <div class=\"col groupes-4-btns\">\n                    <a href=\"https:\/\/royalkids.fr\/velizy2\/contact\" class=\"btn button\"><i class=\"fa-solid fa-comment\"><\/i>\n                        Contactez-nous !<\/a>\n                <\/div>\n            <\/div>\n<\/section>\n<div id=\"formula-popup\" class=\"popup-overlay\">\n    <div class=\"popup-content modal-content\">\n    <button class=\"popup-close close\"><img decoding=\"async\" width=\"34\" height=\"34\"\n    src=\"https:\/\/royalkids.fr\/velizy2\/wp-content\/plugins\/oe-parks\/\/assets\/images\/close.png\" alt=\"Royal Kids\" loading=\"lazy\"><\/span><\/button>\n        <div id=\"popup-formula-content\">\n        <\/div>\n    <\/div>\n<\/div>\n","protected":false},"excerpt":{"rendered":"","protected":false},"author":1,"featured_media":0,"parent":0,"menu_order":0,"comment_status":"closed","ping_status":"closed","template":"","meta":{"footnotes":""},"_links":{"self":[{"href":"https:\/\/royalkids.fr\/velizy2\/wp-json\/wp\/v2\/pages\/10"}],"collection":[{"href":"https:\/\/royalkids.fr\/velizy2\/wp-json\/wp\/v2\/pages"}],"about":[{"href":"https:\/\/royalkids.fr\/velizy2\/wp-json\/wp\/v2\/types\/page"}],"author":[{"embeddable":true,"href":"https:\/\/royalkids.fr\/velizy2\/wp-json\/wp\/v2\/users\/1"}],"replies":[{"embeddable":true,"href":"https:\/\/royalkids.fr\/velizy2\/wp-json\/wp\/v2\/comments?post=10"}],"version-history":[{"count":0,"href":"https:\/\/royalkids.fr\/velizy2\/wp-json\/wp\/v2\/pages\/10\/revisions"}],"wp:attachment":[{"href":"https:\/\/royalkids.fr\/velizy2\/wp-json\/wp\/v2\/media?parent=10"}],"curies":[{"name":"wp","href":"https:\/\/api.w.org\/{rel}","templated":true}]}}