{"id":7,"date":"2025-01-16T23:34:45","date_gmt":"2025-01-16T22:34:45","guid":{"rendered":"https:\/\/royalkids.fr\/velizy2\/home\/"},"modified":"2025-01-16T23:34:45","modified_gmt":"2025-01-16T22:34:45","slug":"home","status":"publish","type":"page","link":"https:\/\/royalkids.fr\/velizy2\/","title":{"rendered":"Accueil"},"content":{"rendered":"\n<section class=\"home-slider main-slider\">\n    <div class=\"oe-parks-container\">\n        <div class=\"swiper-container\">\n    <div class=\"swiper-wrapper\">\n        <div class=\"swiper-slide\" style=\"background-image: url('https:\/\/royalkids.fr\/velizy2\/wp-content\/plugins\/oe-parks\/\/assets\/images\/h-slider-1.webp');\"\n            data-background=\"https:\/\/royalkids.fr\/velizy2\/wp-content\/plugins\/oe-parks\/\/assets\/images\/h-slider-1.webp\">\n            <div class=\"slide-content\">\n                <h2>Royal Kids Velizy2<\/h2>\n                <p>\n                     Votre Parc de  Jeux pour Enfants de 0 \u00e0 12 ans. C\u2019est un lieu id\u00e9al pour f\u00eater ton<br> anniversaire et t\u2019amuser toute l\u2019ann\u00e9e \u00e0 Velizy2!                <\/p>\n            <\/div>\n        <\/div>\n    <\/div>\n<\/div>                    <div class=\"header-pictos container\">\n    <div class=\"header-pictos-wrap\">\n                <img decoding=\"async\" src=\"https:\/\/royalkids.fr\/velizy2\/wp-content\/plugins\/oe-parks\/\/assets\/images\/pique_nique_interdit.webp\" alt=\"pique_nique_interdit\" loading=\"lazy\">\n                <img decoding=\"async\" src=\"https:\/\/royalkids.fr\/velizy2\/wp-content\/plugins\/oe-parks\/\/assets\/images\/chaussettes_obligatores.png\" alt=\"chaussettes_obligatoires\" loading=\"lazy\">\n                <img decoding=\"async\" src=\"https:\/\/royalkids.fr\/velizy2\/wp-content\/plugins\/oe-parks\/\/assets\/images\/espace_chauffe_et_climatise.png\" alt=\"espace_chauffe_climatise\" loading=\"lazy\">\n                <img decoding=\"async\" src=\"https:\/\/royalkids.fr\/velizy2\/wp-content\/plugins\/oe-parks\/\/assets\/images\/wifi.webp\" alt=\"wifi_zone\" loading=\"lazy\">\n            <\/div>\n<\/div>      \n            <\/div>\n<\/section>\n<section class=\"social-media\">\n    <div class=\"oe-parks-container oe-parks-violet-container\">\n        <div class=\"content container\">\n            <img decoding=\"async\" class=\"leon-img\" src=\"https:\/\/royalkids.fr\/velizy2\/wp-content\/plugins\/oe-parks\/\/assets\/images\/leon.png\" alt=\"Royal Kids\" loading=\"lazy\">\n            <h4>\u2018<span class=\"color-yellow\">Royal Kids<\/span>\u2019 Velizy2<\/h4>\n            <p>rejoignez-nous sur nos r\u00e9seaux sociaux<\/p>\n            <div class=\"social-media-icons\">\n                            <\/div>\n\n        <\/div>\n    <\/div>\n<\/section>\n\n    \n        \n  \n\n\n<section class=\"schedule-main oe-parks-violet-container\">\n    <div class=\"container\">\n        <h4>Nos \u2018<span class=\"color-yellow\">Horaires<\/span>\u2019 d\u2019ouverture<\/h4>\n        <div class=\"content row justify-content-evenly\">\n            <div class=\"col-lg-4 schedule-main-btns position-relative\">\n                <div class=\"btns-wrap\">\n                    <a class=\"btn yellow-btn\" href=\"https:\/\/royalkids.fr\/velizy2\/tarifs\"><img decoding=\"async\" height=\"16\"\n                            src=\"https:\/\/royalkids.fr\/velizy2\/wp-content\/plugins\/oe-parks\/\/assets\/images\/tarifs-icon.svg\" alt=\"Tarifs\"\n                            class=\"menu-icon-tarifs\" loading=\"lazy\"> Consulter tous nos tarifs et les bons plans<\/a>\n                    <a href=\"https:\/\/royal-kids-velizy2.qweekle.com\/shop\/royal-kids-velizy2\/fetes-danniversaire?lang=fr\"  class=\"button btn reserve-btn \" target=\"_blank\">\n    <i class=\"fa-regular fa-calendar\"><\/i> R\u00e9server d\u00e8s maintenant en ligne\n    <\/a>                <\/div>\n            <\/div>\n            <div class=\"col-lg-4 text-center\">\n                <div class=\"schedule-field lundi\"><span>Lundi<\/span>\u2018<span class=\"color-yellow\">ferm\u00e9<\/span>\u2019<\/div><div class=\"schedule-field mardi\"><span>Mardi<\/span>\u2018<span class=\"color-yellow\">ferm\u00e9<\/span>\u2019<\/div><div class=\"schedule-field mercredi\"><span>Mercredi<\/span>\u2018<span class=\"color-yellow\">10h \u00e0 19h<\/span>\u2019<\/div><div class=\"schedule-field jeudi\"><span>Jeudi<\/span>\u2018<span class=\"color-yellow\">ferm\u00e9<\/span>\u2019<\/div><div class=\"schedule-field vendredi\"><span>Vendredi<\/span>\u2018<span class=\"color-yellow\">15h \u00e0 19h<\/span>\u2019<\/div><div class=\"schedule-field samedi\"><span>Samedi<\/span>\u2018<span class=\"color-yellow\">10h \u00e0 19h<\/span>\u2019<\/div><div class=\"schedule-field dimanche\"><span>Dimanche<\/span>\u2018<span class=\"color-yellow\">10h \u00e0 19h<\/span>\u2019<\/div><div class=\"schedule-field vacances\"><span><b>Vacances scolaires<\/b> et <br><b>jours f\u00e9ri\u00e9s<\/b><\/span>\u2018<span class=\"color-yellow\">10h \u00e0 19h<\/span>\u2019<\/div>            <\/div>\n            <div class=\"col-lg-4 schedule-main-img position-relative\">\n                <img decoding=\"async\" src=\"https:\/\/royalkids.fr\/velizy2\/wp-content\/plugins\/oe-parks\/\/assets\/images\/leon-time.webp\" alt=\"Royal Kids\" loading=\"lazy\">\n            <\/div>\n        <\/div>\n    <\/div>\n    <\/div>\n<\/section>\n<section class=\"activities b-bg py-4\">\n    <div class=\"container\">\n\n     <div class=\"content-title\">\n            <h2>\n                Royal Kids V&eacute;lizy &mdash; Le plaisir des enfants, le confort des parents            <\/h2>\n            Bienvenue \u00e0 Royal Kids V\u00e9lizy, l\u2019univers indoor enti\u00e8rement pens\u00e9 pour le bien-\u00eatre et l\u2019\u00e9panouissement des enfants.\r\n\r\nUn espace s\u00e9curis\u00e9, chauff\u00e9 l\u2019hiver et climatis\u00e9 l\u2019\u00e9t\u00e9, o\u00f9 chaque zone de jeu est con\u00e7ue pour s\u2019adapter \u00e0 leur \u00e2ge et stimuler leur imagination.\r\n\r\n&nbsp;\r\n\r\nIci, les familles profitent d\u2019une exp\u00e9rience unique :\r\n\r\n\u2728 des jeux spectaculaires et innovants\r\n\r\n\u2728 un confort optimal pour les parents\r\n\r\n\u2728 un cadre id\u00e9al pour c\u00e9l\u00e9brer des anniversaires d\u2019exception\r\n\r\n&nbsp;\r\n\r\nPour prolonger le plaisir, notre espace restauration sucr\u00e9e &amp; sal\u00e9e propose des pauses gourmandes soigneusement s\u00e9lectionn\u00e9es, \u00e0 savourer tout au long de la journ\u00e9e.\r\n\r\n&nbsp;\r\n\r\n\ud83c\udfaf R\u00e8glement d\u2019acc\u00e8s \u2013 Royal Kids V\u00e9lizy\r\n\r\n&nbsp;\r\n\r\n&nbsp;\r\n\r\n&nbsp;\r\n\r\nPour garantir la s\u00e9curit\u00e9, l\u2019hygi\u00e8ne et le confort de tous, nous vous remercions de respecter les consignes suivantes :\r\n\r\n&nbsp;\r\n\r\n&nbsp;\r\n\r\n&nbsp;\r\n\r\n\ud83d\udeab Interdictions dans le parc\r\n\r\n&nbsp;\r\n\r\n&nbsp;\r\n\r\n&nbsp;\r\n\r\nBoissons et aliments provenant de l\u2019ext\u00e9rieur\r\nPoussettes \u00e0 l\u2019int\u00e9rieur du parc\r\nJouets dangereux : pistolets \u00e0 billes, \u00e9p\u00e9es, objets contondants\u2026\r\n\r\n&nbsp;\r\n\r\n&nbsp;\r\n\r\n&nbsp;\r\n\r\n&nbsp;\r\n\r\n\u2705 Obligations\r\n\r\n&nbsp;\r\n\r\n&nbsp;\r\n\r\n&nbsp;\r\n\r\nLe port de chaussettes est obligatoire pour tous (enfants et adultes)\r\n\r\n&nbsp;\r\n\r\n&nbsp;\r\n\r\n&nbsp;\r\n\r\n&nbsp;\r\n\r\n\ud83d\udd0e Contr\u00f4les &amp; droit d\u2019entr\u00e9e\r\n\r\n&nbsp;\r\n\r\n&nbsp;\r\n\r\n&nbsp;\r\n\r\nLes sacs peuvent \u00eatre v\u00e9rifi\u00e9s par notre \u00e9quipe \u00e0 l\u2019entr\u00e9e\r\nLe parc se r\u00e9serve le droit de refuser l\u2019acc\u00e8s en cas de non-respect des r\u00e8gles\r\n\r\n&nbsp;\r\n\r\nRoyal Kids V\u00e9lizy : le lieu o\u00f9 les enfants vivent de grandes aventures, et o\u00f9 les parents se d\u00e9tendent en toute confiance.        <\/div>\n  \n        <div class=\"content row gap-3 row-activities\">\n            <div class=\"col container-activities act-1\" >\n                <h4 class=\"header-step header-step-1\">\n                    <span>POUR LES<\/span>\n                    <span>+PETITS<\/span>\n                    <span>(- de 4 ans)<\/span>                <\/h4>\n                <p>Un parcours d\u2019\u00e9veil et de motricit\u00e9.<\/p>                <ul><li>piscine \u00e0 balles<\/li><li>toboggan<\/li><\/ul>                                <a href=\"#\" data-activity-id=\"19\" class=\"btn button btn-activities btn-activities-1\"><span>D\u00e9couvrir<\/span> <i\n                        class=\"fa-solid fa-angle-right\"><\/i><\/a>\n                     \n            <\/div>            <div class=\"col container-activities act-2\" >\n                <h4 class=\"header-step header-step-2\">\n                    <span>POUR LES<\/span>\n                    <span>+GRANDS<\/span>\n                    <span>(de 4 \u00e0 12 ans)<\/span>                <\/h4>\n                                <ul>\r\n \t<li>Piste de luges<\/li>\r\n \t<li>Toboggans<\/li>\r\n \t<li>Ponts de singes<\/li>\r\n \t<li>Piste de motos<\/li>\r\n \t<li>Piscine \u00e0 balles<\/li>\r\n \t<li>Lego g\u00e9ants<\/li>\r\n \t<li>Terrains multisports<\/li>\r\n \t<li>Mini-discoth\u00e8que<\/li>\r\n \t<li>Tourniquet<\/li>\r\n<\/ul>                                <a href=\"#\" data-activity-id=\"20\" class=\"btn button btn-activities btn-activities-2\"><span>D\u00e9couvrir<\/span> <i\n                        class=\"fa-solid fa-angle-right\"><\/i><\/a>\n                     \n            <\/div>            <div class=\"col container-activities act-3\" >\n                <h4 class=\"header-step header-step-3\">\n                    <span>POUR LES<\/span>\n                    <span>LES PARENTS<\/span>\n                                    <\/h4>\n                Pause sucr\u00e9e et sal\u00e9e pour toute la famille \u00e0 des prix attractifs. Presse et wifi GRATUITS.                                                <a href=\"#\" data-activity-id=\"21\" class=\"btn button btn-activities btn-activities-3\"><span>D\u00e9couvrir<\/span> <i\n                        class=\"fa-solid fa-angle-right\"><\/i><\/a>\n                     \n            <\/div>\n        <\/div>\n    <\/div>\n    <\/div>\n       <div id=\"activity-popup\" class=\"popup-overlay\">\n        <div class=\"popup-content modal-content\">\n            <button class=\"popup-close close popup-activity-close\"><img decoding=\"async\" width=\"34\" height=\"34\"\n                    src=\"https:\/\/royalkids.fr\/velizy2\/wp-content\/plugins\/oe-parks\/\/assets\/images\/close.png\" alt=\"Royal Kids\" loading=\"lazy\"><\/span><\/button>\n            <div id=\"popup-activity-content\">\n            <\/div>\n        <\/div>\n    <\/div>\n<\/section>\n<section class=\"birthday-section b-bg\">\n    <div class=\"\">\n        <div class=\"content-title oe-parks-green-container d-flex align-items-center\">\n            <div class=\"container\">\n                <div class=\"\">\n                    <h3 class=\"t-underline\">f\u00eate ton anniversaire au Royal Kids <span class=\"color-yellow\">Velizy2<\/span><\/h3>\n                    <h5 class=\"\">un anniversaire chez L\u00e9on c\u2019est trop bien !!<\/h5>\n                <\/div>\n            <\/div>\n        <\/div>\n        <div class=\"content container position-relative\">\n            <div class=\"d-flex gap-2\">\n                <div class=\"col-lg-3\">\n                <\/div>\n                <div class=\"col-lg-6\">\n                    <div class=\"col-lg-10 position-relative\">\n                    <p class=\"pt-4 birth-text\">\n                    Afin de faire de cet \u00e9v\u00e9nement un moment inoubliable pour votre enfant, entour\u00e9 de ses amis, offrez-lui un anniversaire Royal, pensez \u00e0 r\u00e9server son anniversaire chez Royal kids !!!\n                    L\u2019anniversaire \u00e0 Royal Kids c\u2019est un moment de f\u00eate incroyable pour les enfants et la garantie de l\u2019organisation d\u2019un \u00e9v\u00e9nement de qualit\u00e9 pour les parents.\n                    <\/p> \n                    <a href=\"https:\/\/royalkids.fr\/velizy2\/anniversaires\" class=\"btn yellow-btn-w birthday-btn\"><span>D\u00e9couvrez nos formules anniversaires<\/span> <i\n                    class=\"fa-solid fa-angle-right\"><\/i><\/a>\n                    <\/div>\n                    \n                    <img decoding=\"async\" class=\"position-absolute birth-img-left\"\n                        src=\"https:\/\/royalkids.fr\/velizy2\/wp-content\/plugins\/oe-parks\/\/assets\/images\/birthday-leon.webp\" alt=\"Royal Kids\" loading=\"lazy\">\n                <\/div>\n                <a href=\"https:\/\/kdotime.com\/\" target=\"_blank\">\n                    <img decoding=\"async\" class=\"position-absolute birth-img-right\" src=\"https:\/\/royalkids.fr\/velizy2\/wp-content\/plugins\/oe-parks\/\/assets\/images\/birthday-cake.webp\" alt=\"Royal Kids\" loading=\"lazy\">\n                    <\/a>\n            <\/div>\n        <\/div>\n        <div class=\"oe-parks-green-container\" style=\"height: 70px;\">\n            <div class=\"container\">\n                <div class=\"\">\n                    <p><\/p>\n                <\/div>\n            <\/div>\n        <\/div>\n    <\/div>\n<\/section>\n\n","protected":false},"excerpt":{"rendered":"","protected":false},"author":1,"featured_media":0,"parent":0,"menu_order":0,"comment_status":"closed","ping_status":"closed","template":"","meta":{"footnotes":""},"_links":{"self":[{"href":"https:\/\/royalkids.fr\/velizy2\/wp-json\/wp\/v2\/pages\/7"}],"collection":[{"href":"https:\/\/royalkids.fr\/velizy2\/wp-json\/wp\/v2\/pages"}],"about":[{"href":"https:\/\/royalkids.fr\/velizy2\/wp-json\/wp\/v2\/types\/page"}],"author":[{"embeddable":true,"href":"https:\/\/royalkids.fr\/velizy2\/wp-json\/wp\/v2\/users\/1"}],"replies":[{"embeddable":true,"href":"https:\/\/royalkids.fr\/velizy2\/wp-json\/wp\/v2\/comments?post=7"}],"version-history":[{"count":0,"href":"https:\/\/royalkids.fr\/velizy2\/wp-json\/wp\/v2\/pages\/7\/revisions"}],"wp:attachment":[{"href":"https:\/\/royalkids.fr\/velizy2\/wp-json\/wp\/v2\/media?parent=7"}],"curies":[{"name":"wp","href":"https:\/\/api.w.org\/{rel}","templated":true}]}}