{"id":8,"date":"2025-01-16T23:34:45","date_gmt":"2025-01-16T22:34:45","guid":{"rendered":"https:\/\/royalkids.fr\/velizy2\/tarifs\/"},"modified":"2025-01-16T23:34:45","modified_gmt":"2025-01-16T22:34:45","slug":"tarifs","status":"publish","type":"page","link":"https:\/\/royalkids.fr\/velizy2\/tarifs\/","title":{"rendered":"Tarifs"},"content":{"rendered":"\n\n<section class=\"tarifs-slider main-slider\">\n    <div class=\"oe-parks-container\">\n                \n<div class=\"video-container\" style=\"\">\n    <div class=\"video-wrapper\">\n                <iframe id=\"main-slider-video\" src=\"https:\/\/www.youtube.com\/embed\/n9lf3K-zdV8?autoplay=1&#038;mute=1&#038;loop=1&#038;playlist=n9lf3K-zdV8&#038;showinfo=0&#038;rel=0&#038;controls=0&#038;enablejsapi=1\" frameborder=\"0\" title=\"Royal Kids Velizy2\" allow=\"autoplay; encrypted-media; picture-in-picture;\" allowfullscreen webkitallowfullscreen mozallowfullscreen><\/iframe>\n    <\/div>\n    <div class=\"video-content\">\n        <div class=\"slide-overlay\">\n            <h2>Royal Kids Velizy2<\/h2> \n            <p>\n             Votre Parc de  Jeux pour Enfants de 0 \u00e0 12 ans. C\u2019est un lieu id\u00e9al pour f\u00eater ton<br> anniversaire et t\u2019amuser toute l\u2019ann\u00e9e \u00e0 Velizy2!     \n         <\/p>\n                 <\/div>\n    <\/div>\n<\/div>\n                    <div class=\"header-pictos container\">\n    <div class=\"header-pictos-wrap\">\n                <img decoding=\"async\" src=\"https:\/\/royalkids.fr\/velizy2\/wp-content\/plugins\/oe-parks\/\/assets\/images\/pique_nique_interdit.webp\" alt=\"pique_nique_interdit\" loading=\"lazy\">\n                <img decoding=\"async\" src=\"https:\/\/royalkids.fr\/velizy2\/wp-content\/plugins\/oe-parks\/\/assets\/images\/chaussettes_obligatores.png\" alt=\"chaussettes_obligatoires\" loading=\"lazy\">\n                <img decoding=\"async\" src=\"https:\/\/royalkids.fr\/velizy2\/wp-content\/plugins\/oe-parks\/\/assets\/images\/espace_chauffe_et_climatise.png\" alt=\"espace_chauffe_climatise\" loading=\"lazy\">\n                <img decoding=\"async\" src=\"https:\/\/royalkids.fr\/velizy2\/wp-content\/plugins\/oe-parks\/\/assets\/images\/wifi.webp\" alt=\"wifi_zone\" loading=\"lazy\">\n            <\/div>\n<\/div>      \n            <\/div>\n<\/section>\n<section class=\"social-media\">\n    <div class=\"oe-parks-container oe-parks-violet-container\">\n        <div class=\"content container\">\n            <img decoding=\"async\" class=\"leon-img\" src=\"https:\/\/royalkids.fr\/velizy2\/wp-content\/plugins\/oe-parks\/\/assets\/images\/leon-2.webp\" alt=\"Royal Kids\" loading=\"lazy\">\n            <h4>\u2018<span class=\"color-yellow\">Royal Kids<\/span>\u2019 Velizy2<\/h4>\n            <p>rejoignez-nous sur nos r\u00e9seaux sociaux<\/p>\n            <div class=\"social-media-icons\">\n                            <\/div>\n\n        <\/div>\n    <\/div>\n<\/section><section class=\"tariffs-1 bp-bg overflow-hidden\">\n    <div class=\"content-title\">\n        <h2>Nos <span class=\"color-green-1\">offres <\/span> et <span class=\"color-green\">tarifs<\/span> Royal Kids<\/h2>\n        <p> Retrouvez toute les offres et tarifs de votre parc de jeux Royal Kids Velizy2        <\/p>\n    <\/div>\n    <div class=\"container position-relative\">\n        <div class=\"row\">\n            <div class=\"col-lg-9 text-center \">\n                <div class=\"row text-center offers-tariffs-conteiner\">\n                                                <div class=\"col-md-4 mb-2 offer-box-wrap t-card\">\n                                \n    <div class=\"offer-box color-white bg-primary t-card-front\">\n        <p> ENTR\u00c9E ENFANT<\/p>\n        <div class=\"offer-box-price\">\n            <h3>14<\/h3>\n            <div class=\"cp2\">\n                 <h4>.00\u20ac<\/h4>\n            <\/div>\n        <\/div>\n                <a href=\"#\" class=\"btn button y-btn tariff-info-btn bg-warning\" onclick=\"flipCard(this, event)\">en savoir +<\/a>\n            <\/div>\n    <div class=\"offer-box bg-white color-blue t-card-back\">\n        <p>Enfant \u00e0 partir de 1 ans; tarif valable mercredi, samedi, dimanche, vacances<\/p>\n                <a href=\"https:\/\/royalkids.fr\/#\" target=\"_blank\" class=\"btn button y-btn buy-online-btn bg-warning\"><i class=\"fa-solid fa-plus\"><\/i> Acheter en ligne<\/a>\n                <\/div>                            <\/div>\n                                                        <div class=\"col-md-4 mb-2 offer-box-wrap t-card\">\n                                \n    <div class=\"offer-box color-white bg-warning t-card-front\">\n        <p> ENTR\u00c9E ENFANT VENDREDI<\/p>\n        <div class=\"offer-box-price\">\n            <h3>10<\/h3>\n            <div class=\"cp2\">\n                 <h4>.00\u20ac<\/h4>\n            <\/div>\n        <\/div>\n                <a href=\"#\" class=\"btn button y-btn tariff-info-btn bg-primary\" onclick=\"flipCard(this, event)\">en savoir +<\/a>\n            <\/div>\n    <div class=\"offer-box bg-white color-yellow t-card-back\">\n        <p>Tarif \u00e0 partir de 1 ans le vendredi de 15H \u00e0 19H HORS VACANCES ET FERIES<\/p>\n                <a href=\"https:\/\/royalkids.fr\/#\" target=\"_blank\" class=\"btn button y-btn buy-online-btn bg-primary\"><i class=\"fa-solid fa-plus\"><\/i> Acheter en ligne<\/a>\n                <\/div>                            <\/div>\n                                                        <div class=\"col-md-4 mb-2 offer-box-wrap t-card\">\n                                \n    <div class=\"offer-box color-white bg-success t-card-front\">\n        <p> ADULTE ACCOMPAGNATEUR<\/p>\n        <div class=\"offer-box-price\">\n            <h3>2<\/h3>\n            <div class=\"cp2\">\n                 <h4>.00\u20ac<\/h4>\n            <\/div>\n        <\/div>\n                <a href=\"#\" class=\"btn button y-btn tariff-info-btn bg-primary\" onclick=\"flipCard(this, event)\">en savoir +<\/a>\n            <\/div>\n    <div class=\"offer-box bg-white color-green t-card-back\">\n        <p>Adulte accompagnateur dans la limite de 2 par enfants. <\/p>\n            <\/div>                            <\/div>\n                                                        <div class=\"col-md-4 mb-2 offer-box-wrap t-card\">\n                                \n    <div class=\"offer-box color-white bg-rose t-card-front\">\n        <p> ASSISTANTE MATERNELLE<\/p>\n        <div class=\"offer-box-price\">\n            <h3>8<\/h3>\n            <div class=\"cp2\">\n                 <h4>.50\u20ac<\/h4>\n            <\/div>\n        <\/div>\n                <a href=\"#\" class=\"btn button y-btn tariff-info-btn bg-warning\" onclick=\"flipCard(this, event)\">en savoir +<\/a>\n            <\/div>\n    <div class=\"offer-box bg-white color-rose-w t-card-back\">\n        <p>assistante maternelle<\/p>\n            <\/div>                            <\/div>\n                                                        <div class=\"col-md-4 mb-2 offer-box-wrap t-card\">\n                                \n    <div class=\"offer-box color-white bg-primary t-card-front\">\n        <p> ENTR\u00c9E ENFANT EN SITUATION DE HANDICAP<\/p>\n        <div class=\"offer-box-price\">\n            <h3>8<\/h3>\n            <div class=\"cp2\">\n                 <h4>.50\u20ac<\/h4>\n            <\/div>\n        <\/div>\n                <a href=\"#\" class=\"btn button y-btn tariff-info-btn bg-warning\" onclick=\"flipCard(this, event)\">en savoir +<\/a>\n            <\/div>\n    <div class=\"offer-box bg-white color-blue t-card-back\">\n        <p>1 entr\u00e9e enfant sous pr\u00e9sentation de la carte d\u2019invalidit\u00e9<\/p>\n            <\/div>                            <\/div>\n                                                <!--<div class=\"col-md-4 mb-2 offer-box-wrap\">\n                        <div class=\"offer-box bg-white color-blue\">\n                            <p>GRATUIT pour 1 adulte<br> par entr\u00e9e payante<br> 2\u20ac\/adulte au-del\u00e0.<br> Sortie\n                                d\u00e9finitive.<\/p>\n                            <a href=\"#\" class=\"btn button y-btn buy-online-btn\"><i class=\"fa-solid fa-plus\"><\/i> Acheter\n                                en ligne<\/a>\n                        <\/div>\n                    <\/div>\n                    <div class=\"col-md-4 mb-2 offer-box-wrap\">\n                        <div class=\"offer-box color-white bg-warning\">\n                            <p> enfant de<br> plus de 4 ans<\/p>\n                            <div class=\"offer-box-price\">\n                                <h3>13<\/h3>\n                                <div class=\"cp2\">\n                                    <h4>.00\u20ac<\/h4>\n                                <\/div>\n                            <\/div>\n                            <a href=\"#\" class=\"btn button\">en savoir +<\/a>\n                        <\/div>\n                    <\/div>\n                    <div class=\"col-md-4 mb-2 offer-box-wrap\">\n                        <div class=\"offer-box color-white bg-success\">\n                            <p>les vendredis de 9h \u00e0 12h<br> et 16h30 \u00e0 19h30<\/p>\n                            <div class=\"offer-box-price\">\n                                <h3>7<\/h3>\n                                <div class=\"cp2\">\n                                    <h4>.00\u20ac<\/h4>\n                                <\/div>\n                            <\/div>\n                            <a href=\"#\" class=\"btn button\">en savoir +<\/a>\n                        <\/div>\n                    <\/div>\n                    <div class=\"col-md-4 mb-2 offer-box-wrap\">\n                        <div class=\"offer-box color-white bg-rose\">\n                            <p>adulte<br> accompagnateur<\/p>\n                            <div class=\"offer-box-price\">\n                                <h3>2<\/h3>\n                                <div class=\"cp2\">\n                                    <h4>.00\u20ac<\/h4>\n                                <\/div>\n                            <\/div>\n                            <a href=\"#\" class=\"btn button y-btn\">en savoir +<\/a>\n                        <\/div>\n                    <\/div>\n                    <div class=\"col-md-4 mb-4 offer-box-wrap\">\n                        <div class=\"offer-box color-white bg-primary\">\n                            <p> assistante<br> maternelle<\/p>\n                            <div class=\"offer-box-price\">\n                                <h3>3<\/h3>\n                                <div class=\"cp2\">\n                                    <h4>.90\u20ac<\/h4>\n                                <\/div>\n                            <\/div>\n                            <a href=\"#\" class=\"btn button y-btn\">en savoir +<\/a>\n                        <\/div>\n                    <\/div>--->\n                    \n                    <div class=\"\">\n                    <img decoding=\"async\" class=\"abs-img tariffs-img position-absolute\"\n                    src=\"https:\/\/royalkids.fr\/velizy2\/wp-content\/plugins\/oe-parks\/\/assets\/images\/castle.webp\" alt=\"Royal Kids\" loading=\"lazy\">\n                    <\/div>\n                <\/div>\n            <\/div>\n            <div class=\"col\">\n            <\/div>\n        <\/div>\n    <\/div>\n<\/section>\n<section class=\"oe-parks-green-container\" style=\"height:50px;\">\n<\/section>\n\n<section class=\"tariffs-2 bg-bl\">\n    <div class=\"content-title\">\n        <h2>Les <span class=\"color-rose-w-1\">bons plans <\/span> Royal Kids <\/h2>\n        <p> Retrouvez tous le bons plans de votre parc de jeux Royal Kids Velizy2<\/p>\n    <\/div>\n\n    <div class=\"oe-parks-rose-container-op py-4\">\n        <div class=\"container\">\n            <div class=\"row gap-2 offers-tariffs-conteiner align-items-center\">\n                                            <div class=\"col offer-box-wrap t-card\">\n                                \n    <div class=\"offer-box color-white bg-transparent t-card-front\">\n        <p> ROYAL PASS  10 entr\u00e9es<\/p>\n        <div class=\"offer-box-price\">\n            <h3>120<\/h3>\n            <div class=\"cp2\">\n                 <h4>.00\u20ac<\/h4>\n            <\/div>\n        <\/div>\n                <a href=\"#\" class=\"btn button y-btn tariff-info-btn bg-warning\" onclick=\"flipCard(this, event)\">en savoir +<\/a>\n            <\/div>\n    <div class=\"offer-box bg-white color-rose-w-1 t-card-back\">\n        <p>carte Royal Pass de 10 entr\u00e9es. \r\n1 entr\u00e9e enfant inclue une entr\u00e9e accompagnateur. \r\nValable 2 ans<\/p>\n                <a href=\"https:\/\/royalkids.fr\/#\" target=\"_blank\" class=\"btn button y-btn buy-online-btn rose-w-btn\"><i class=\"fa-solid fa-plus\"><\/i> Acheter en ligne<\/a>\n                <\/div>                            <\/div>\n                                            <!--<div class=\"col offer-box-wrap\">\n                    <div class=\"offer-box bg-white color-rose-w-1 border-0\">\n                        <p>carte Royal Pass<br> enfant de moins de 4 ans<br> Valable 2 ans<br>\n                        <\/p>\n                        <a href=\"#\" class=\"btn button rose-w-btn buy-online-btn\"><i class=\"fa-solid fa-plus\"><\/i>\n                            Acheter en\n                            ligne<\/a>\n                    <\/div>\n                <\/div>\n                <div class=\"col offer-box-wrap\">\n                    <div class=\"offer-box color-white bg-transparent\">\n                        <p> carte Royal Pass<br> 10 entr\u00e9es moins de 4 ans<\/p>\n                        <div class=\"offer-box-price\">\n                            <h3>75<\/h3>\n                            <div class=\"cp2\">\n                                <h4>.00\u20ac<\/h4>\n                            <\/div>\n                        <\/div>\n                        <a href=\"#\" class=\"btn button y-btn\">en savoir +<\/a>\n                    <\/div>\n                <\/div>\n                <div class=\"col offer-box-wrap\">\n                    <div class=\"offer-box color-white bg-transparent\">\n                        <p>Pass\u2019\u00e9t\u00e9 5 entr\u00e9es<br> Valable Juillet\/Ao\u00fbt<\/p>\n                        <div class=\"offer-box-price\">\n                            <h3>45<\/h3>\n                            <div class=\"cp2\">\n                                <h4>.00\u20ac<\/h4>\n                            <\/div>\n                        <\/div>\n                        <a href=\"#\" class=\"btn button y-btn\">en savoir +<\/a>\n                    <\/div>\n                <\/div>-->\n                <div class=\"col offer-box-wrap\">\n                    <div class=\"text-center\">\n                        <div class=\"groups-title d-flex align-items-center mb-1 justify-content-center\">\n                            <img decoding=\"async\" height=\"30\" class=\"me-1\"\n                                src=\"https:\/\/royalkids.fr\/velizy2\/wp-content\/plugins\/oe-parks\/\/assets\/images\/groupes.svg\" alt=\"Royal Kids\" loading=\"lazy\">\n                            <h4 class=\"text-uppercase mb-0\"> Groupes et CE<\/h4>\n                        <\/div>\n                        <a href=\"https:\/\/royalkids.fr\/velizy2\/groupes-et-ce\" class=\"btn y-btn action-btn\"> c\u2019est par ici !<\/a>\n                    <\/div>\n                <\/div>\n            <\/div>\n        <\/div>\n    <\/div>\n    <div class=\"container birthday-btn-container \">\n        <div class=\"birthday-btn-container-wrap col-lg-7 mx-auto text-center\">\n        <img decoding=\"async\"  class=\"\" src=\"https:\/\/royalkids.fr\/velizy2\/wp-content\/plugins\/oe-parks\/\/assets\/images\/birthday-cake-1.webp\"\n            alt=\"Royal Kids\" loading=\"lazy\">\n        <a href=\"https:\/\/royalkids.fr\/velizy2\/anniversaires\" class=\"btn yellow-btn-w tariffs-birthday-btn\"><span>D\u00e9couvrez nos\n                formules anniversaires<\/span> <i class=\"fa-solid fa-angle-right\"><\/i><\/a>\n        <\/div>\n        \n    <\/div>\n<\/section>\n","protected":false},"excerpt":{"rendered":"","protected":false},"author":1,"featured_media":0,"parent":0,"menu_order":0,"comment_status":"closed","ping_status":"closed","template":"","meta":{"footnotes":""},"_links":{"self":[{"href":"https:\/\/royalkids.fr\/velizy2\/wp-json\/wp\/v2\/pages\/8"}],"collection":[{"href":"https:\/\/royalkids.fr\/velizy2\/wp-json\/wp\/v2\/pages"}],"about":[{"href":"https:\/\/royalkids.fr\/velizy2\/wp-json\/wp\/v2\/types\/page"}],"author":[{"embeddable":true,"href":"https:\/\/royalkids.fr\/velizy2\/wp-json\/wp\/v2\/users\/1"}],"replies":[{"embeddable":true,"href":"https:\/\/royalkids.fr\/velizy2\/wp-json\/wp\/v2\/comments?post=8"}],"version-history":[{"count":0,"href":"https:\/\/royalkids.fr\/velizy2\/wp-json\/wp\/v2\/pages\/8\/revisions"}],"wp:attachment":[{"href":"https:\/\/royalkids.fr\/velizy2\/wp-json\/wp\/v2\/media?parent=8"}],"curies":[{"name":"wp","href":"https:\/\/api.w.org\/{rel}","templated":true}]}}